{"id":2401,"date":"2021-09-04T19:47:50","date_gmt":"2021-09-04T19:47:50","guid":{"rendered":"http:\/\/drykst.lt\/?page_id=2401"},"modified":"2021-09-06T13:45:06","modified_gmt":"2021-09-06T13:45:06","slug":"rekvizitai","status":"publish","type":"page","link":"https:\/\/www.drykst.lt\/index.php\/rekvizitai\/","title":{"rendered":"REKVIZITAI"},"content":{"rendered":"\n<h2 class=\"wp-block-heading\">REKVIZITAI<\/h2>\n\n\n\n<ul class=\"wp-block-list\"><li>Mantera, I\u012e<\/li><li>\u012emon\u0117s kodas 305779117<\/li><li>Vadovas- Ina Marija Rizgelien\u0117, direktor\u0117<\/li><li>Adresas- Kosmonaut\u0173 g. 1 Jonava 55141 Lietuva<\/li><li>Telefonas- +37067480523<\/li><li>El. pa\u0161to adresas- info@drykst.lt<\/li><\/ul>\n","protected":false},"excerpt":{"rendered":"<p>REKVIZITAI Mantera, I\u012e \u012emon\u0117s kodas 305779117 Vadovas- Ina Marija Rizgelien\u0117, direktor\u0117 Adresas- Kosmonaut\u0173 g. 1 Jonava 55141 Lietuva Telefonas- +37067480523 El. pa\u0161to adresas- info@drykst.lt<\/p>\n","protected":false},"author":1,"featured_media":0,"parent":0,"menu_order":0,"comment_status":"closed","ping_status":"closed","template":"","meta":{"site-sidebar-layout":"default","site-content-layout":"default","ast-site-content-layout":"","site-content-style":"default","site-sidebar-style":"default","ast-global-header-display":"","ast-banner-title-visibility":"","ast-main-header-display":"","ast-hfb-above-header-display":"","ast-hfb-below-header-display":"","ast-hfb-mobile-header-display":"","site-post-title":"","ast-breadcrumbs-content":"","ast-featured-img":"","footer-sml-layout":"","theme-transparent-header-meta":"default","adv-header-id-meta":"","stick-header-meta":"","header-above-stick-meta":"","header-main-stick-meta":"","header-below-stick-meta":"","astra-migrate-meta-layouts":"default","ast-page-background-enabled":"default","ast-page-background-meta":{"desktop":{"background-color":"","background-image":"","background-repeat":"repeat","background-position":"center center","background-size":"auto","background-attachment":"scroll","background-type":"","background-media":"","overlay-type":"","overlay-color":"","overlay-opacity":"","overlay-gradient":""},"tablet":{"background-color":"","background-image":"","background-repeat":"repeat","background-position":"center center","background-size":"auto","background-attachment":"scroll","background-type":"","background-media":"","overlay-type":"","overlay-color":"","overlay-opacity":"","overlay-gradient":""},"mobile":{"background-color":"","background-image":"","background-repeat":"repeat","background-position":"center center","background-size":"auto","background-attachment":"scroll","background-type":"","background-media":"","overlay-type":"","overlay-color":"","overlay-opacity":"","overlay-gradient":""}},"ast-content-background-meta":{"desktop":{"background-color":"var(--ast-global-color-5)","background-image":"","background-repeat":"repeat","background-position":"center center","background-size":"auto","background-attachment":"scroll","background-type":"","background-media":"","overlay-type":"","overlay-color":"","overlay-opacity":"","overlay-gradient":""},"tablet":{"background-color":"var(--ast-global-color-5)","background-image":"","background-repeat":"repeat","background-position":"center center","background-size":"auto","background-attachment":"scroll","background-type":"","background-media":"","overlay-type":"","overlay-color":"","overlay-opacity":"","overlay-gradient":""},"mobile":{"background-color":"var(--ast-global-color-5)","background-image":"","background-repeat":"repeat","background-position":"center center","background-size":"auto","background-attachment":"scroll","background-type":"","background-media":"","overlay-type":"","overlay-color":"","overlay-opacity":"","overlay-gradient":""}},"footnotes":""},"class_list":["post-2401","page","type-page","status-publish","hentry"],"aioseo_notices":[],"_links":{"self":[{"href":"https:\/\/www.drykst.lt\/index.php\/wp-json\/wp\/v2\/pages\/2401","targetHints":{"allow":["GET"]}}],"collection":[{"href":"https:\/\/www.drykst.lt\/index.php\/wp-json\/wp\/v2\/pages"}],"about":[{"href":"https:\/\/www.drykst.lt\/index.php\/wp-json\/wp\/v2\/types\/page"}],"author":[{"embeddable":true,"href":"https:\/\/www.drykst.lt\/index.php\/wp-json\/wp\/v2\/users\/1"}],"replies":[{"embeddable":true,"href":"https:\/\/www.drykst.lt\/index.php\/wp-json\/wp\/v2\/comments?post=2401"}],"version-history":[{"count":4,"href":"https:\/\/www.drykst.lt\/index.php\/wp-json\/wp\/v2\/pages\/2401\/revisions"}],"predecessor-version":[{"id":2452,"href":"https:\/\/www.drykst.lt\/index.php\/wp-json\/wp\/v2\/pages\/2401\/revisions\/2452"}],"wp:attachment":[{"href":"https:\/\/www.drykst.lt\/index.php\/wp-json\/wp\/v2\/media?parent=2401"}],"curies":[{"name":"wp","href":"https:\/\/api.w.org\/{rel}","templated":true}]}}