{"id":2408,"date":"2021-09-04T19:57:08","date_gmt":"2021-09-04T19:57:08","guid":{"rendered":"http:\/\/drykst.lt\/?page_id=2408"},"modified":"2021-09-06T14:02:56","modified_gmt":"2021-09-06T14:02:56","slug":"privatumas","status":"publish","type":"page","link":"https:\/\/www.drykst.lt\/index.php\/privatumas\/","title":{"rendered":"Privatumas"},"content":{"rendered":"\t\t<div data-elementor-type=\"wp-page\" data-elementor-id=\"2408\" class=\"elementor elementor-2408\">\n\t\t\t\t\t\t<section class=\"elementor-section elementor-top-section elementor-element elementor-element-589e714e elementor-section-boxed elementor-section-height-default elementor-section-height-default\" data-id=\"589e714e\" data-element_type=\"section\" data-e-type=\"section\">\n\t\t\t\t\t\t<div class=\"elementor-container elementor-column-gap-default\">\n\t\t\t\t\t<div class=\"elementor-column elementor-col-100 elementor-top-column elementor-element elementor-element-34195ca6\" data-id=\"34195ca6\" data-element_type=\"column\" data-e-type=\"column\">\n\t\t\t<div class=\"elementor-widget-wrap elementor-element-populated\">\n\t\t\t\t\t\t<div class=\"elementor-element elementor-element-927d829 elementor-widget elementor-widget-heading\" data-id=\"927d829\" data-element_type=\"widget\" data-e-type=\"widget\" data-widget_type=\"heading.default\">\n\t\t\t\t<div class=\"elementor-widget-container\">\n\t\t\t\t\t<h1 class=\"elementor-heading-title elementor-size-default\">Privatumas<\/h1>\t\t\t\t<\/div>\n\t\t\t\t<\/div>\n\t\t\t\t<div class=\"elementor-element elementor-element-148a1ac7 elementor-widget elementor-widget-text-editor\" data-id=\"148a1ac7\" data-element_type=\"widget\" data-e-type=\"widget\" data-widget_type=\"text-editor.default\">\n\t\t\t\t<div class=\"elementor-widget-container\">\n\t\t\t\t\t\t\t\t\t\n<p>Registruodamiesi m\u016bs\u0173 el. prekybos sistemoje J\u016bs sutinkate, kad Tvarkant e-parduotuv\u0119, fiksuojant sutrikimus serverio darbe, identifikuojant lankytoj\u0105, galime naudoti lankytoj\u0173 kompiuteri\u0173 IP adresus. Taip pat naudojame \u201eslapukus\u201c (angl. \u201ecookies\u201c), kas leid\u017eia pateikti lankytoj\u0173 interesams specialiai pritaikyt\u0105 turin\u012f ir i\u0161saugoti parink\u010di\u0173 istorij\u0105.<\/p>\n\n\n\n<p>\u00a0E-parduotuv\u0117je DRYKST.LT pateikiamose registracijos, u\u017esakymo, komentar\u0173 formose lankytoj\u0173 gali b\u016bti pra\u0161oma pateikti asmenin\u0119 informacij\u0105 (pvz., nurodyti vard\u0105 ir pavard\u0119, telefono numer\u012f, gyvenam\u0105j\u0105 viet\u0105, el. pa\u0161to adres\u0105), kuri b\u016btina el. prekybos sistemos funkcionavimui ir J\u016bs\u0173 u\u017esakym\u0173 administravimui. E-parduotuv\u0117s vadybininkai niekada nepra\u0161o nurodyti slaptos asmenin\u0117s informacijos (pvz: asmens kod\u0173, slapta\u017eod\u017ei\u0173, banko kod\u0173 ir pan.). Pateikdami asmenin\u0119 informacij\u0105 DRYKST.LT J\u016bs kartu sutinkate ir leid\u017eiate naudoti ir tvarkyti \u0161i\u0105 informacij\u0105 ir duomenis pateikiant Jums informacij\u0105, norint susisiekti su Jumis verslo reikalais ar vidinei statistikai tvarkyti. Kliento prisijungimo \u012f e-parduotuv\u0117s asmenin\u0119 paskir\u0105 slapta\u017eodis \u012fvedamas tik specialioje formoje, saugomas u\u017ekoduotas duomen\u0173 baz\u0117je ir J\u016bs patys atsakingi u\u017e jo slaptumo i\u0161saugojim\u0105 bei \u012fsipareigojate neperduoti tretiems asmenims.\u00a0<\/p>\n\n\n\n<p>E-parduotuv\u0117s klient\u0173 asmens duomenys el. prekybos sistemoje saugomi 1 (vienus) kalendorinius metus nuo paskutinio aktyvaus u\u017esakymo pateikimo arba nuo registracijos dienos, jei nebuvo pateikta joki\u0173 u\u017esakym\u0173. Pra\u0117jus \u0161iam neaktyvumo laikotarpiui, kliento asmens ir u\u017esakym\u0173 duomenys pa\u0161alinami i\u0161 duomen\u0173 baz\u0117s ir norint pateikti naujus u\u017esakymus reik\u0117s u\u017esiregistruoti i\u0161 naujo.<\/p>\n\n\n\n<p>\u00a0Apie e-parduotuv\u0117s DRYKST.LT lankytojus ir j\u0173 u\u017esakymus surinkti duomenys yra saugomi nuo praradimo, neleistino naudojimo, tvarkomi laikantis LR asmens duomen\u0173 teisin\u0117s apsaugos \u012fstatymo. Lankytojo asmeniniai duomenys gali b\u016bti panaudoti tik tuo atveju, jei mums reik\u0117t\u0173 su juo susisiekti. Lankytoj\u0173 el. pa\u0161to adresai gali b\u016bti naudojami tiesiogin\u0117s rinkodaros tikslais, tik tuo atveju, jei klientai patys u\u017esiregistruoja ir patvirtina pageidavim\u0105 gauti reklamin\u0119 informacija.\u00a0<\/p>\n\n\n\n<p>Norint susipa\u017einti su e-parduotuv\u0117s duomen\u0173 baz\u0117je kaupiama informacija apie Jus ir J\u016bs\u0173 u\u017esakymus, pra\u0161ome prisijungti prie savo paskyros ir pasirinkti punktus \u201ekliento duomenys\u201c bei \u201eu\u017esakym\u0173 istorija\u201c. Taip pat, nesant galimyb\u0117s patiems pasitikrinti internetu m\u016bs\u0173 turimos informacijos apie Jus, kaip nustato ADAT\u012e 25 straipsnis, duomen\u0173 subjektas, pateikdamas duomen\u0173 valdytojui ar duomen\u0173 tvarkytojui asmens tapatyb\u0119 patvirtinant\u012f dokument\u0105, turi teis\u0119 gauti informacij\u0105, i\u0161 koki\u0173 \u0161altini\u0173 ir kokie jo asmens duomenys surinkti, kokiu tikslu jie tvarkomi, kam teikiami. Duomen\u0173 valdytojas, gav\u0119s duomen\u0173 subjekto paklausim\u0105 d\u0117l jo asmens duomen\u0173 tvarkymo, privalo atsakyti, ar su juo susij\u0119 asmens duomenys yra tvarkomi, ir pateikti duomen\u0173 subjektui pra\u0161omus duomenis ne v\u0117liau kaip per 30 kalendorini\u0173 dien\u0173 nuo duomen\u0173 subjekto kreipimosi dienos. Duomen\u0173 subjekto pra\u0161ymu tokie duomenys turi b\u016bti pateikiami ra\u0161tu. Neatlygintinai tokius duomenis duomen\u0173 valdytojas teikia duomen\u0173 subjektui kart\u0105 per kalendorinius metus.\u00a0\u00a0Esant poreikiui pakeisti asmens duomenis (adres\u0105, telefono numer\u012f, el. pa\u0161to adres\u0105 ir pan.) e-parduotuv\u0117s duomen\u0173 baz\u0117je, klientai tai gali atlikti automatiniu b\u016bdu, prisijung\u0119 prie savo paskyros ir pasirink\u0119 skyri\u0173 \u201ekliento duomenys\u201c. Atlikus pakeitimus nepamir\u0161kite i\u0161saugoti atnaujinim\u0173! Tokius pakeitimus J\u016bs\u0173 pageidavimu taip pat gali atlikti parduotuv\u0117s vadybininkas \u2013 prane\u0161kite apie poreik\u012f pakeisti ka\u017ekuriuos duomenis el. pa\u0161tu, kuriuo registruota paskyra e-parduotuv\u0117je, ir tai bus atlikta realiuoju laiku. Jei negalite naudotis el. pa\u0161to d\u0117\u017eute, kuria u\u017eregistravote paskyra e-parduotuv\u0117je &#8211; kreipkit\u0117s \u012f parduotuv\u0117s administracija ir pateikite asmens tapatyb\u0117s dokument\u0105 bei pra\u0161ym\u0105 atlikti reikiamus pakeitimus. Esant b\u016btinybei visi\u0161kai panaikinti savo paskyr\u0105 ir u\u017esakym\u0173 istorij\u0105 m\u016bs\u0173 el. prekybos sistemoje, pra\u0161ome apie tai informuoti ra\u0161tu \u012fmon\u0117s administracij\u0105 paskelbtais kontaktiniais el. pa\u0161to adresais ar kreipiantis asmeni\u0161kai nurodytu administracijos adresu.<\/p>\n\n\n\n<p>\u00a0Informacija apie lankytoj\u0105, kuris grubiai pa\u017eeid\u017eia e-parduotuv\u0117s naudojimo taisykles, kenkia, nusi\u017eengia \u012fstatymams, gali b\u016bti panaudota sprend\u017eiant klausim\u0105 d\u0117l jo elgesio ir tolimesnio dalyvavimo. Be vidini\u0173 priemoni\u0173, DRYKST.LT gali kreiptis \u012f teis\u0117saugos organus bei interneto tiek\u0117jus, priklausomai nuo pa\u017eeidimo sunkumo ir formos.\u00a0Jei i\u0161kilo klausim\u0173 d\u0117l privatumo ir asmens duomen\u0173 apsaugos politikos e-Parduotuv\u0117je DRYKST.LT, maloniai pra\u0161ome susisiekti el. pa\u0161tu: info@drykst.lt | +37067480523 .<\/p>\n\t\t\t\t\t\t\t\t<\/div>\n\t\t\t\t<\/div>\n\t\t\t\t\t<\/div>\n\t\t<\/div>\n\t\t\t\t\t<\/div>\n\t\t<\/section>\n\t\t\t\t<\/div>\n\t\t","protected":false},"excerpt":{"rendered":"<p>Privatumas Registruodamiesi m\u016bs\u0173 el. prekybos sistemoje J\u016bs sutinkate, kad Tvarkant e-parduotuv\u0119, fiksuojant sutrikimus serverio darbe, identifikuojant lankytoj\u0105, galime naudoti lankytoj\u0173 kompiuteri\u0173 IP adresus. Taip pat naudojame \u201eslapukus\u201c (angl. \u201ecookies\u201c), kas leid\u017eia pateikti lankytoj\u0173 interesams specialiai pritaikyt\u0105 turin\u012f ir i\u0161saugoti parink\u010di\u0173 istorij\u0105. &nbsp;E-parduotuv\u0117je DRYKST.LT pateikiamose registracijos, u\u017esakymo, komentar\u0173 formose lankytoj\u0173 gali b\u016bti pra\u0161oma pateikti asmenin\u0119 informacij\u0105 [&hellip;]<\/p>\n","protected":false},"author":1,"featured_media":0,"parent":0,"menu_order":0,"comment_status":"closed","ping_status":"closed","template":"","meta":{"site-sidebar-layout":"default","site-content-layout":"default","ast-site-content-layout":"","site-content-style":"default","site-sidebar-style":"default","ast-global-header-display":"","ast-banner-title-visibility":"","ast-main-header-display":"","ast-hfb-above-header-display":"","ast-hfb-below-header-display":"","ast-hfb-mobile-header-display":"","site-post-title":"","ast-breadcrumbs-content":"","ast-featured-img":"","footer-sml-layout":"","theme-transparent-header-meta":"default","adv-header-id-meta":"","stick-header-meta":"","header-above-stick-meta":"","header-main-stick-meta":"","header-below-stick-meta":"","astra-migrate-meta-layouts":"default","ast-page-background-enabled":"default","ast-page-background-meta":{"desktop":{"background-color":"","background-image":"","background-repeat":"repeat","background-position":"center center","background-size":"auto","background-attachment":"scroll","background-type":"","background-media":"","overlay-type":"","overlay-color":"","overlay-opacity":"","overlay-gradient":""},"tablet":{"background-color":"","background-image":"","background-repeat":"repeat","background-position":"center center","background-size":"auto","background-attachment":"scroll","background-type":"","background-media":"","overlay-type":"","overlay-color":"","overlay-opacity":"","overlay-gradient":""},"mobile":{"background-color":"","background-image":"","background-repeat":"repeat","background-position":"center center","background-size":"auto","background-attachment":"scroll","background-type":"","background-media":"","overlay-type":"","overlay-color":"","overlay-opacity":"","overlay-gradient":""}},"ast-content-background-meta":{"desktop":{"background-color":"var(--ast-global-color-5)","background-image":"","background-repeat":"repeat","background-position":"center center","background-size":"auto","background-attachment":"scroll","background-type":"","background-media":"","overlay-type":"","overlay-color":"","overlay-opacity":"","overlay-gradient":""},"tablet":{"background-color":"var(--ast-global-color-5)","background-image":"","background-repeat":"repeat","background-position":"center center","background-size":"auto","background-attachment":"scroll","background-type":"","background-media":"","overlay-type":"","overlay-color":"","overlay-opacity":"","overlay-gradient":""},"mobile":{"background-color":"var(--ast-global-color-5)","background-image":"","background-repeat":"repeat","background-position":"center center","background-size":"auto","background-attachment":"scroll","background-type":"","background-media":"","overlay-type":"","overlay-color":"","overlay-opacity":"","overlay-gradient":""}},"footnotes":""},"class_list":["post-2408","page","type-page","status-publish","hentry"],"aioseo_notices":[],"_links":{"self":[{"href":"https:\/\/www.drykst.lt\/index.php\/wp-json\/wp\/v2\/pages\/2408","targetHints":{"allow":["GET"]}}],"collection":[{"href":"https:\/\/www.drykst.lt\/index.php\/wp-json\/wp\/v2\/pages"}],"about":[{"href":"https:\/\/www.drykst.lt\/index.php\/wp-json\/wp\/v2\/types\/page"}],"author":[{"embeddable":true,"href":"https:\/\/www.drykst.lt\/index.php\/wp-json\/wp\/v2\/users\/1"}],"replies":[{"embeddable":true,"href":"https:\/\/www.drykst.lt\/index.php\/wp-json\/wp\/v2\/comments?post=2408"}],"version-history":[{"count":7,"href":"https:\/\/www.drykst.lt\/index.php\/wp-json\/wp\/v2\/pages\/2408\/revisions"}],"predecessor-version":[{"id":2461,"href":"https:\/\/www.drykst.lt\/index.php\/wp-json\/wp\/v2\/pages\/2408\/revisions\/2461"}],"wp:attachment":[{"href":"https:\/\/www.drykst.lt\/index.php\/wp-json\/wp\/v2\/media?parent=2408"}],"curies":[{"name":"wp","href":"https:\/\/api.w.org\/{rel}","templated":true}]}}