{"id":2474,"date":"2021-09-07T13:30:02","date_gmt":"2021-09-07T13:30:02","guid":{"rendered":"http:\/\/drykst.lt\/?page_id=2474"},"modified":"2025-08-29T11:22:29","modified_gmt":"2025-08-29T11:22:29","slug":"prekiu-pristatymas","status":"publish","type":"page","link":"https:\/\/www.drykst.lt\/index.php\/prekiu-pristatymas\/","title":{"rendered":"Pristatymas"},"content":{"rendered":"\t\t<div data-elementor-type=\"wp-page\" data-elementor-id=\"2474\" class=\"elementor elementor-2474\">\n\t\t\t\t\t\t<section class=\"elementor-section elementor-top-section elementor-element elementor-element-6b08cdf7 elementor-section-boxed elementor-section-height-default elementor-section-height-default\" data-id=\"6b08cdf7\" data-element_type=\"section\" data-e-type=\"section\">\n\t\t\t\t\t\t<div class=\"elementor-container elementor-column-gap-default\">\n\t\t\t\t\t<div class=\"elementor-column elementor-col-100 elementor-top-column elementor-element elementor-element-39be5c69\" data-id=\"39be5c69\" data-element_type=\"column\" data-e-type=\"column\">\n\t\t\t<div class=\"elementor-widget-wrap elementor-element-populated\">\n\t\t\t\t\t\t<div class=\"elementor-element elementor-element-27792512 elementor-widget elementor-widget-text-editor\" data-id=\"27792512\" data-element_type=\"widget\" data-e-type=\"widget\" data-widget_type=\"text-editor.default\">\n\t\t\t\t<div class=\"elementor-widget-container\">\n\t\t\t\t\t\t\t\t\t<p><!-- \/wp:paragraph --><\/p>\n<p><!-- wp:paragraph --><\/p>\n<p><!-- \/wp:paragraph --><\/p>\n<p><!-- wp:paragraph --><\/p>\n<p><!-- \/wp:paragraph --><\/p>\n<p><!-- wp:paragraph --><\/p>\n<p><!-- \/wp:paragraph --><\/p>\n<p><!-- wp:paragraph --><\/p>\n<p><!-- \/wp:paragraph --><\/p>\n<p><!-- wp:paragraph --><\/p>\n<p><!-- \/wp:paragraph --><\/p>\n<p><!-- wp:paragraph --><\/p>\n<p><!-- \/wp:paragraph --><\/p>\n<p><!-- wp:heading --><\/p>\n<h2>Preki\u0173 pristatymas<\/h2>\n<p><!-- \/wp:heading --><\/p>\n<p><!-- wp:heading {\"level\":4} --><\/p>\n<h4>Prek\u0117s pristatomos per 2-10 darbo dien\u0173 nuo u\u017esakymo patvirtinimo.<\/h4>\n<p><!-- \/wp:heading --><\/p>\n<p><!-- wp:table --><\/p>\n<figure class=\"wp-block-table\">\n<table>\n<tbody>\n<tr>\n<td><strong>Pristatymo b\u016bdas<\/strong><\/td>\n<td><strong>Kaina<\/strong><\/td>\n<\/tr>\n<tr>\n<td>Registruota siunta Lietuvos pa\u0161tu<\/td>\n<td>2,00 EUR<\/td>\n<\/tr>\n<tr>\n<td>Omniva siunt\u0173 terminalai<\/td>\n<td>3,00 EUR<\/td>\n<\/tr>\n<tr>\n<td>DPD siunt\u0173 terminalai<\/td>\n<td>3,00 EUR<\/td>\n<\/tr>\n<tr>\n<td>DPD kurjeri\u0173 pristatymas \u012f namus ar biur\u0105<\/td>\n<td>7,20 EUR<\/td>\n<\/tr>\n<\/tbody>\n<\/table>\n<\/figure>\n<p><!-- \/wp:table --><\/p>\n<p><!-- wp:paragraph --><\/p>\n<p><strong>Taip pat, u\u017esakymus nemokamai galite atsiimti Jonavoje, adresu Kosmonaut\u0173 g. 1<\/strong><\/p>\n<p><!-- \/wp:paragraph --><\/p>\n<p><!-- wp:heading {\"level\":4} --><\/p>\n<h4>PRISTATYMAS \u012e SIUNT\u0172 TERMINALUS<\/h4>\n<p><!-- \/wp:heading --><\/p>\n<p><!-- wp:paragraph --><\/p>\n<p>Preki\u0173, esan\u010di\u0173 sand\u0117lyje, pristatymas trunka 2-4 darbo dienas.<br>Preki\u0173, kuri\u0173 sand\u0117lyje \u0161iuo metu n\u0117ra arba yra daromas asmeninis u\u017esakymas, pristatymo b\u016bdus, \u012fkainius ir terminus susitarsime u\u017esakymo metu.<br>Prista\u010dius siunt\u0105 \u012f j\u016bs\u0173 pasirinkt\u0105 terminal\u0105, gausite SMS j\u016bs\u0173 nurodytu telefono numeriu su siuntos atsi\u0117mimo kodu.<br>Siunt\u0173 saugojimo laikotarpis: siunt\u0173 terminale siunta laikoma iki 7 kalendorini\u0173 dien\u0173. Pasibaigus \u0161iam laikotarpiui, siunta gr\u0105\u017einama siunt\u0117jui. Nukreipti siunt\u0105 \u012f kit\u0105 pristatymo viet\u0105 galimyb\u0117s n\u0117ra. Siunt\u0105 galite atsiimti jums patogiu laiku. Siunt\u0173 terminalai veikia 24 valandas per par\u0105.<\/p>\n<p><!-- \/wp:paragraph --><\/p>\n<p><!-- wp:heading {\"level\":4} --><\/p>\n<h4>REGISTRUOTA SIUNTA LIETUVOS PA\u0160TU<\/h4>\n<p><!-- \/wp:heading --><\/p>\n<p><!-- wp:paragraph --><\/p>\n<p>Preki\u0173, esan\u010di\u0173 sand\u0117lyje, pristatymas trunka 2-4 darbo dienas.<br>Preki\u0173, kuri\u0173 sand\u0117lyje \u0161iuo metu n\u0117ra arba yra daromas asmeninis u\u017esakymas, pristatymo b\u016bdus, \u012fkainius ir terminus susitarsime u\u017esakymo metu.<br>Prek\u0117s siun\u010diamos registruota pirmenybine pa\u0161to korespondentine siunta. Prista\u010dius siunt\u0105 J\u016bs\u0173 nurodytu adresu, bet neradus adresato, J\u016bs\u0173 siunta bus nuve\u017eta \u012f artimiausi\u0105 pa\u0161to skyri\u0173, J\u016bs\u0173 nurodytu adresu bus pristatytas apie tai informuojantis prane\u0161imas arba trumpoji SMS \u017einut\u0117, jeigu J\u016bs\u0173 pa\u0161tas teikia \u0161i\u0105 paslaug\u0105. Siunt\u0105 gal\u0117site atsiimti prane\u0161ime nurodytame pa\u0161to skyriuje pateik\u0119 min\u0117t\u0105 prane\u0161im\u0105 ir asmens tapatyb\u0119 \u012frodant\u012f dokument\u0105. Jeigu \u017einote, kad negal\u0117site atsiimti siuntos, nurodykite du gav\u0117jus arba t\u0105, kas tikrai gal\u0117s paimti J\u016bs\u0173 u\u017esakym\u0105.<\/p>\n<p><!-- \/wp:paragraph --><\/p>\n<p><!-- wp:heading {\"level\":4} --><\/p>\n<h4>DPD KURJERI\u0172 PRISTATYMAS \u012e NAMUS AR BIUR\u0104<\/h4>\n<p><!-- \/wp:heading --><\/p>\n<p><!-- wp:paragraph --><\/p>\n<p>Preki\u0173, esan\u010di\u0173 sand\u0117lyje, pristatymas trunka 2-3 darbo dienas.<br>Preki\u0173, kuri\u0173 sand\u0117lyje \u0161iuo metu n\u0117ra arba yra daromas asmeninis u\u017esakymas, pristatymo b\u016bdus, \u012fkainius ir terminus susitarsime u\u017esakymo metu.<\/p>\n<p><!-- \/wp:paragraph --><\/p>\n<p><!-- wp:paragraph --><\/p>\n<p>Prek\u0117s pristatomos nurodytu adresu ir sutartu laiku darbo dienomis 8:00 \u2013 22:00 val.<br>Prekes gali atsiimti tik u\u017esakym\u0105 pateik\u0119s asmuo arba asmuo, nurodytas u\u017esakymo pateikimo metu. Atsiimant prekes b\u016btina su savimi tur\u0117ti asmens tapatyb\u0119 patvirtinant\u012f dokument\u0105 (ID kortel\u0119, pas\u0105 ar vairuotojo pa\u017eym\u0117jim\u0105).<\/p>\n<p><!-- \/wp:paragraph --><\/p>\n<p><!-- wp:heading {\"level\":4} --><\/p>\n<h4>Rekomenduojame<\/h4>\n<p><!-- \/wp:heading --><\/p>\n<p><!-- wp:paragraph --><\/p>\n<p>Gavus siuntin\u012f i\u0161kart patikrinti, ar nepa\u017eeista jo pakuot\u0117, prek\u0117. Jei siunta pa\u017eeista, dalyvaujant kurjeriui siuntos akte sura\u0161ykite pastabas d\u0117l siuntos pa\u017eeidimo arba atsisakykite priimti siunt\u0105. Jei siunt\u0105 pri\u0117mete ir va\u017etara\u0161t\u012f pasira\u0161\u0117te be pastab\u0173, laikoma, kad siunta pristatyta tinkamai.<\/p>\n<h4><strong>Pristatymo adresas<\/strong><\/h4>\n<p>Elektronin\u0117je parduotuv\u0117je \u012fsigytos prek\u0117s bus pristatytos pirkimo metu nurodytu adresu. Pra\u0161ome tiksliai nurodyti gav\u0117jo vard\u0105, pavard\u0119 ir adres\u0105, nes d\u0117l ne viso arba klaidingai nurodyto adreso prek\u0117s pristatymas gali u\u017etrukti ilgiau arba siuntinys bus gr\u0105\u017eintas siunt\u0117jui. Pirk\u0117jas padengia preki\u0173 siuntimo d\u0117l blogai nurodyto adreso i\u0161laidas.<\/p>\n<p><\/p>\n<p><!-- \/wp:paragraph --><\/p>\t\t\t\t\t\t\t\t<\/div>\n\t\t\t\t<\/div>\n\t\t\t\t\t<\/div>\n\t\t<\/div>\n\t\t\t\t\t<\/div>\n\t\t<\/section>\n\t\t\t\t<\/div>\n\t\t","protected":false},"excerpt":{"rendered":"<p>Preki\u0173 pristatymas Prek\u0117s pristatomos per 2-10 darbo dien\u0173 nuo u\u017esakymo patvirtinimo. Pristatymo b\u016bdas Kaina Registruota siunta Lietuvos pa\u0161tu 2,00 EUR Omniva siunt\u0173 terminalai 3,00 EUR DPD siunt\u0173 terminalai 3,00 EUR DPD kurjeri\u0173 pristatymas \u012f namus ar biur\u0105 7,20 EUR Taip pat, u\u017esakymus nemokamai galite atsiimti Jonavoje, adresu Kosmonaut\u0173 g. 1 PRISTATYMAS \u012e SIUNT\u0172 TERMINALUS Preki\u0173, [&hellip;]<\/p>\n","protected":false},"author":1,"featured_media":0,"parent":0,"menu_order":0,"comment_status":"closed","ping_status":"closed","template":"","meta":{"site-sidebar-layout":"default","site-content-layout":"default","ast-site-content-layout":"","site-content-style":"default","site-sidebar-style":"default","ast-global-header-display":"","ast-banner-title-visibility":"","ast-main-header-display":"","ast-hfb-above-header-display":"","ast-hfb-below-header-display":"","ast-hfb-mobile-header-display":"","site-post-title":"","ast-breadcrumbs-content":"","ast-featured-img":"","footer-sml-layout":"","theme-transparent-header-meta":"default","adv-header-id-meta":"","stick-header-meta":"","header-above-stick-meta":"","header-main-stick-meta":"","header-below-stick-meta":"","astra-migrate-meta-layouts":"default","ast-page-background-enabled":"default","ast-page-background-meta":{"desktop":{"background-color":"","background-image":"","background-repeat":"repeat","background-position":"center center","background-size":"auto","background-attachment":"scroll","background-type":"","background-media":"","overlay-type":"","overlay-color":"","overlay-opacity":"","overlay-gradient":""},"tablet":{"background-color":"","background-image":"","background-repeat":"repeat","background-position":"center center","background-size":"auto","background-attachment":"scroll","background-type":"","background-media":"","overlay-type":"","overlay-color":"","overlay-opacity":"","overlay-gradient":""},"mobile":{"background-color":"","background-image":"","background-repeat":"repeat","background-position":"center center","background-size":"auto","background-attachment":"scroll","background-type":"","background-media":"","overlay-type":"","overlay-color":"","overlay-opacity":"","overlay-gradient":""}},"ast-content-background-meta":{"desktop":{"background-color":"var(--ast-global-color-5)","background-image":"","background-repeat":"repeat","background-position":"center center","background-size":"auto","background-attachment":"scroll","background-type":"","background-media":"","overlay-type":"","overlay-color":"","overlay-opacity":"","overlay-gradient":""},"tablet":{"background-color":"var(--ast-global-color-5)","background-image":"","background-repeat":"repeat","background-position":"center center","background-size":"auto","background-attachment":"scroll","background-type":"","background-media":"","overlay-type":"","overlay-color":"","overlay-opacity":"","overlay-gradient":""},"mobile":{"background-color":"var(--ast-global-color-5)","background-image":"","background-repeat":"repeat","background-position":"center center","background-size":"auto","background-attachment":"scroll","background-type":"","background-media":"","overlay-type":"","overlay-color":"","overlay-opacity":"","overlay-gradient":""}},"footnotes":""},"class_list":["post-2474","page","type-page","status-publish","hentry"],"aioseo_notices":[],"_links":{"self":[{"href":"https:\/\/www.drykst.lt\/index.php\/wp-json\/wp\/v2\/pages\/2474","targetHints":{"allow":["GET"]}}],"collection":[{"href":"https:\/\/www.drykst.lt\/index.php\/wp-json\/wp\/v2\/pages"}],"about":[{"href":"https:\/\/www.drykst.lt\/index.php\/wp-json\/wp\/v2\/types\/page"}],"author":[{"embeddable":true,"href":"https:\/\/www.drykst.lt\/index.php\/wp-json\/wp\/v2\/users\/1"}],"replies":[{"embeddable":true,"href":"https:\/\/www.drykst.lt\/index.php\/wp-json\/wp\/v2\/comments?post=2474"}],"version-history":[{"count":48,"href":"https:\/\/www.drykst.lt\/index.php\/wp-json\/wp\/v2\/pages\/2474\/revisions"}],"predecessor-version":[{"id":10013,"href":"https:\/\/www.drykst.lt\/index.php\/wp-json\/wp\/v2\/pages\/2474\/revisions\/10013"}],"wp:attachment":[{"href":"https:\/\/www.drykst.lt\/index.php\/wp-json\/wp\/v2\/media?parent=2474"}],"curies":[{"name":"wp","href":"https:\/\/api.w.org\/{rel}","templated":true}]}}