{"id":2525,"date":"2021-09-08T12:46:09","date_gmt":"2021-09-08T12:46:09","guid":{"rendered":"http:\/\/drykst.lt\/?page_id=2525"},"modified":"2021-09-30T17:35:45","modified_gmt":"2021-09-30T17:35:45","slug":"prekiu-grazinimo-salygos-2","status":"publish","type":"page","link":"https:\/\/www.drykst.lt\/index.php\/prekiu-grazinimo-salygos-2\/","title":{"rendered":"Preki\u0173 gr\u0105\u017einimas"},"content":{"rendered":"\t\t<div data-elementor-type=\"wp-page\" data-elementor-id=\"2525\" class=\"elementor elementor-2525\">\n\t\t\t\t\t\t<section class=\"elementor-section elementor-top-section elementor-element elementor-element-c543f83 elementor-section-boxed elementor-section-height-default elementor-section-height-default\" data-id=\"c543f83\" data-element_type=\"section\" data-e-type=\"section\">\n\t\t\t\t\t\t<div class=\"elementor-container elementor-column-gap-default\">\n\t\t\t\t\t<div class=\"elementor-column elementor-col-100 elementor-top-column elementor-element elementor-element-6f350e0\" data-id=\"6f350e0\" data-element_type=\"column\" data-e-type=\"column\">\n\t\t\t<div class=\"elementor-widget-wrap elementor-element-populated\">\n\t\t\t\t\t\t<div class=\"elementor-element elementor-element-cbabf15 elementor-widget elementor-widget-spacer\" data-id=\"cbabf15\" data-element_type=\"widget\" data-e-type=\"widget\" data-widget_type=\"spacer.default\">\n\t\t\t\t<div class=\"elementor-widget-container\">\n\t\t\t\t\t\t\t<div class=\"elementor-spacer\">\n\t\t\t<div class=\"elementor-spacer-inner\"><\/div>\n\t\t<\/div>\n\t\t\t\t\t\t<\/div>\n\t\t\t\t<\/div>\n\t\t\t\t\t<\/div>\n\t\t<\/div>\n\t\t\t\t\t<\/div>\n\t\t<\/section>\n\t\t\t\t<section class=\"elementor-section elementor-top-section elementor-element elementor-element-626f304 elementor-section-boxed elementor-section-height-default elementor-section-height-default\" data-id=\"626f304\" data-element_type=\"section\" data-e-type=\"section\">\n\t\t\t\t\t\t<div class=\"elementor-container elementor-column-gap-default\">\n\t\t\t\t\t<div class=\"elementor-column elementor-col-100 elementor-top-column elementor-element elementor-element-e586859\" data-id=\"e586859\" data-element_type=\"column\" data-e-type=\"column\">\n\t\t\t<div class=\"elementor-widget-wrap elementor-element-populated\">\n\t\t\t\t\t\t<div class=\"elementor-element elementor-element-190fce4 elementor-widget elementor-widget-heading\" data-id=\"190fce4\" data-element_type=\"widget\" data-e-type=\"widget\" data-widget_type=\"heading.default\">\n\t\t\t\t<div class=\"elementor-widget-container\">\n\t\t\t\t\t<h2 class=\"elementor-heading-title elementor-size-default\">Preki\u0173 gr\u0105\u017einimas<\/h2>\t\t\t\t<\/div>\n\t\t\t\t<\/div>\n\t\t\t\t\t<\/div>\n\t\t<\/div>\n\t\t\t\t\t<\/div>\n\t\t<\/section>\n\t\t\t\t<section class=\"elementor-section elementor-top-section elementor-element elementor-element-3d83f8ba elementor-section-boxed elementor-section-height-default elementor-section-height-default\" data-id=\"3d83f8ba\" data-element_type=\"section\" data-e-type=\"section\">\n\t\t\t\t\t\t<div class=\"elementor-container elementor-column-gap-default\">\n\t\t\t\t\t<div class=\"elementor-column elementor-col-100 elementor-top-column elementor-element elementor-element-237f3fa9\" data-id=\"237f3fa9\" data-element_type=\"column\" data-e-type=\"column\">\n\t\t\t<div class=\"elementor-widget-wrap elementor-element-populated\">\n\t\t\t\t\t\t<div class=\"elementor-element elementor-element-5ec1ea09 elementor-widget elementor-widget-text-editor\" data-id=\"5ec1ea09\" data-element_type=\"widget\" data-e-type=\"widget\" data-widget_type=\"text-editor.default\">\n\t\t\t\t<div class=\"elementor-widget-container\">\n\t\t\t\t\t\t\t\t\t\n<p><strong>Jei esate nepatenkinti \u012fsigyta preke<\/strong>, j\u0105 galite gr\u0105\u017einti. Mes \u012fsipareigojame gr\u0105\u017einti sum\u0105, lygi\u0105 gr\u0105\u017einamos prek\u0117s kainai. Prek\u0117s pristatymo i\u0161laidos negr\u0105\u017einamos, taip pat pirk\u0117jas privalo padengti siuntimo i\u0161laidas gr\u0105\u017einant prek\u0119 (-es) mums. Pinigai gr\u0105\u017einami tik gavus prek\u0119(-es).<\/p>\n\n<p><strong>Jei per klaid\u0105 gavote ne t\u0105 prek\u0119<\/strong>, kuri\u0105 u\u017esisak\u0117te, jos gr\u0105\u017einti neprival\u0117site. Gav\u0119 J\u016bs\u0173 prane\u0161im\u0105 apie klaid\u0105, \u012fsipareigojame nemokamai i\u0161si\u0173sti u\u017esakyt\u0105 prek\u0119. Tur\u0117site pateikti siuntinio pakuot\u0117s su gav\u0117jo adresu ir preke, kuri buvo siuntinyje, nuotrauk\u0105.<\/p>\n\n<p><strong>Preki\u0173, pagamint\u0173 pagal individual\u0173 u\u017esakym\u0105, gr\u0105\u017einti negal\u0117site<\/strong>. I\u0161skyrus atvejus, kai prek\u0117s nekokybi\u0161kos arba neatitinka sutart\u0173 specifikacij\u0173.<\/p>\n\t\t\t\t\t\t\t\t<\/div>\n\t\t\t\t<\/div>\n\t\t\t\t\t<\/div>\n\t\t<\/div>\n\t\t\t\t\t<\/div>\n\t\t<\/section>\n\t\t\t\t<\/div>\n\t\t","protected":false},"excerpt":{"rendered":"<p>Preki\u0173 gr\u0105\u017einimas Jei esate nepatenkinti \u012fsigyta preke, j\u0105 galite gr\u0105\u017einti. Mes \u012fsipareigojame gr\u0105\u017einti sum\u0105, lygi\u0105 gr\u0105\u017einamos prek\u0117s kainai. Prek\u0117s pristatymo i\u0161laidos negr\u0105\u017einamos, taip pat pirk\u0117jas privalo padengti siuntimo i\u0161laidas gr\u0105\u017einant prek\u0119 (-es) mums. Pinigai gr\u0105\u017einami tik gavus prek\u0119(-es). Jei per klaid\u0105 gavote ne t\u0105 prek\u0119, kuri\u0105 u\u017esisak\u0117te, jos gr\u0105\u017einti neprival\u0117site. Gav\u0119 J\u016bs\u0173 prane\u0161im\u0105 apie klaid\u0105, [&hellip;]<\/p>\n","protected":false},"author":1,"featured_media":0,"parent":0,"menu_order":0,"comment_status":"closed","ping_status":"closed","template":"","meta":{"site-sidebar-layout":"default","site-content-layout":"default","ast-site-content-layout":"","site-content-style":"default","site-sidebar-style":"default","ast-global-header-display":"","ast-banner-title-visibility":"","ast-main-header-display":"","ast-hfb-above-header-display":"","ast-hfb-below-header-display":"","ast-hfb-mobile-header-display":"","site-post-title":"","ast-breadcrumbs-content":"","ast-featured-img":"","footer-sml-layout":"","theme-transparent-header-meta":"default","adv-header-id-meta":"","stick-header-meta":"","header-above-stick-meta":"","header-main-stick-meta":"","header-below-stick-meta":"","astra-migrate-meta-layouts":"default","ast-page-background-enabled":"default","ast-page-background-meta":{"desktop":{"background-color":"","background-image":"","background-repeat":"repeat","background-position":"center center","background-size":"auto","background-attachment":"scroll","background-type":"","background-media":"","overlay-type":"","overlay-color":"","overlay-opacity":"","overlay-gradient":""},"tablet":{"background-color":"","background-image":"","background-repeat":"repeat","background-position":"center center","background-size":"auto","background-attachment":"scroll","background-type":"","background-media":"","overlay-type":"","overlay-color":"","overlay-opacity":"","overlay-gradient":""},"mobile":{"background-color":"","background-image":"","background-repeat":"repeat","background-position":"center center","background-size":"auto","background-attachment":"scroll","background-type":"","background-media":"","overlay-type":"","overlay-color":"","overlay-opacity":"","overlay-gradient":""}},"ast-content-background-meta":{"desktop":{"background-color":"var(--ast-global-color-5)","background-image":"","background-repeat":"repeat","background-position":"center center","background-size":"auto","background-attachment":"scroll","background-type":"","background-media":"","overlay-type":"","overlay-color":"","overlay-opacity":"","overlay-gradient":""},"tablet":{"background-color":"var(--ast-global-color-5)","background-image":"","background-repeat":"repeat","background-position":"center center","background-size":"auto","background-attachment":"scroll","background-type":"","background-media":"","overlay-type":"","overlay-color":"","overlay-opacity":"","overlay-gradient":""},"mobile":{"background-color":"var(--ast-global-color-5)","background-image":"","background-repeat":"repeat","background-position":"center center","background-size":"auto","background-attachment":"scroll","background-type":"","background-media":"","overlay-type":"","overlay-color":"","overlay-opacity":"","overlay-gradient":""}},"footnotes":""},"class_list":["post-2525","page","type-page","status-publish","hentry"],"aioseo_notices":[],"_links":{"self":[{"href":"https:\/\/www.drykst.lt\/index.php\/wp-json\/wp\/v2\/pages\/2525","targetHints":{"allow":["GET"]}}],"collection":[{"href":"https:\/\/www.drykst.lt\/index.php\/wp-json\/wp\/v2\/pages"}],"about":[{"href":"https:\/\/www.drykst.lt\/index.php\/wp-json\/wp\/v2\/types\/page"}],"author":[{"embeddable":true,"href":"https:\/\/www.drykst.lt\/index.php\/wp-json\/wp\/v2\/users\/1"}],"replies":[{"embeddable":true,"href":"https:\/\/www.drykst.lt\/index.php\/wp-json\/wp\/v2\/comments?post=2525"}],"version-history":[{"count":11,"href":"https:\/\/www.drykst.lt\/index.php\/wp-json\/wp\/v2\/pages\/2525\/revisions"}],"predecessor-version":[{"id":2907,"href":"https:\/\/www.drykst.lt\/index.php\/wp-json\/wp\/v2\/pages\/2525\/revisions\/2907"}],"wp:attachment":[{"href":"https:\/\/www.drykst.lt\/index.php\/wp-json\/wp\/v2\/media?parent=2525"}],"curies":[{"name":"wp","href":"https:\/\/api.w.org\/{rel}","templated":true}]}}