{"id":8,"date":"2021-08-31T21:46:55","date_gmt":"2021-08-31T21:46:55","guid":{"rendered":"http:\/\/drykst.lt\/index.php\/apmokejimas\/"},"modified":"2021-09-29T07:52:47","modified_gmt":"2021-09-29T07:52:47","slug":"apmokejimas","status":"publish","type":"page","link":"https:\/\/www.drykst.lt\/index.php\/apmokejimas\/","title":{"rendered":"Apmok\u0117jimas"},"content":{"rendered":"\t\t<div data-elementor-type=\"wp-page\" data-elementor-id=\"8\" class=\"elementor elementor-8\">\n\t\t\t\t\t\t<section class=\"elementor-section elementor-top-section elementor-element elementor-element-21f10f39 elementor-section-boxed elementor-section-height-default elementor-section-height-default\" data-id=\"21f10f39\" data-element_type=\"section\" data-e-type=\"section\">\n\t\t\t\t\t\t<div class=\"elementor-container elementor-column-gap-default\">\n\t\t\t\t\t<div class=\"elementor-column elementor-col-100 elementor-top-column elementor-element elementor-element-1ee1b2f9\" data-id=\"1ee1b2f9\" data-element_type=\"column\" data-e-type=\"column\">\n\t\t\t<div class=\"elementor-widget-wrap elementor-element-populated\">\n\t\t\t\t\t\t<div class=\"elementor-element elementor-element-29655be elementor-widget elementor-widget-heading\" data-id=\"29655be\" data-element_type=\"widget\" data-e-type=\"widget\" data-widget_type=\"heading.default\">\n\t\t\t\t<div class=\"elementor-widget-container\">\n\t\t\t\t\t<h2 class=\"elementor-heading-title elementor-size-default\">Atsiskaitymo b\u016bdai\n<\/h2>\t\t\t\t<\/div>\n\t\t\t\t<\/div>\n\t\t\t\t<div class=\"elementor-element elementor-element-1da0f244 elementor-widget elementor-widget-text-editor\" data-id=\"1da0f244\" data-element_type=\"widget\" data-e-type=\"widget\" data-widget_type=\"text-editor.default\">\n\t\t\t\t<div class=\"elementor-widget-container\">\n\t\t\t\t\t\t\t\t\t<div class=\"entry-content clear\">\n<p>Internetin\u0117je parduotuv\u0117je DRYKST.LT galite atsiskaityti Jums patogiausiu b\u016bdu:<\/p>\n<p>1. Per savo banko elektronin\u0117s bankininkyst\u0117s sistem\u0105 (jungiama per PaySera):<\/p>\n<p>Internetin\u0117je parduotuv\u0117je DRYKST.LT u\u017e prekes galima sumok\u0117ti naudojantis populiariausiomis elektronin\u0117s bankininkyst\u0117s sistemomis: AB bankas \u201eSwedbank\u201c, AB \u201eSEB bankas\u201c, AB \u201eDnB bankas\u201c, \u201eNordea Bank Lietuva\u201c, Danske Bank A\/S Lietuvos filialas, , AB \u201e\u0161iauli\u0173 bankas\u201c. Mok\u0117jim\u0173 apdorojimui naudojama PaySera.lt sistema.<\/p>\n<p>Kaip apmok\u0117ti u\u017esakym\u0105 naudojantis elektronine bankininkyste:<\/p>\n<p>U\u017epildykite kontaktinius duomenis ir prie apmok\u0117jimo b\u016bdo pasirinkite savo bank\u0105.<\/p>\n<p>DRYKST.LT nukreips Jus \u012f PaySera.lt puslap\u012f ir perduos sistemai duomenis apie sum\u0105, kuri\u0105 reikia apmok\u0117ti.<\/p>\n<p>PaySera.lt nukreips \u012e J\u016bs\u0173 pasirinkto banko elektronin\u0117s bankininkyst\u0117s sistem\u0105. Elektronin\u0117s bankininkyst\u0117s sistemoje prisijunkite \u012fprastu b\u016bdu ir sistema jau bus Jums suformavusi mok\u0117jim\u0105 u\u017e i\u0161sirinktas prekes. Beliks tik patvirtinti mok\u0117jim\u0105.<\/p>\n<p>Patvirtinus mok\u0117jim\u0105, elektronin\u0117s bankininkyst\u0117s puslapis u\u017esidarys, o J\u016bs v\u0117l sugr\u012f\u0161ite \u012f DRYKST.LT.<\/p>\n<p>2. I\u0161 PaySera s\u0105skaitos:<\/p>\n<p>Internetin\u0117je parduotuv\u0117je DRYKST.LT u\u017e prekes galima sumok\u0117ti i\u0161 PaySera s\u0105skaitos.<\/p>\n<p>Kaip apmok\u0117ti u\u017esakym\u0105 naudojantis PaySera:<\/p>\n<p>U\u017epildykite kontaktinius duomenis ir prie apmok\u0117jimo b\u016bdo pasirinkite PaySera.<\/p>\n<p>DRYKST.LT nukreips Jus \u012f PaySera puslap\u012f ir perduos sistemai duomenis apie sum\u0105, kuri\u0105 reikia apmok\u0117ti.<\/p>\n<p>Prisijunkite prie PaySera sistemos ir patvirtinkite mok\u0117jim\u0105.<\/p>\n<p>Patvirtinus mok\u0117jim\u0105, PaySera puslapis u\u017esidarys, o J\u016bs v\u0117l sugr\u012f\u0161ite \u012f DRYKST.LT.<\/p><br><p>3. Preki\u0173 atsi\u0117mimo parduotuv\u0117je metu.<\/p>\n<p>Parduotuv\u0117je atsiimant prekes gal\u0117site atsiskaityti tik grynais pinigais.<\/p>\n<\/div>\t\t\t\t\t\t\t\t<\/div>\n\t\t\t\t<\/div>\n\t\t\t\t\t<\/div>\n\t\t<\/div>\n\t\t\t\t\t<\/div>\n\t\t<\/section>\n\t\t\t\t<\/div>\n\t\t","protected":false},"excerpt":{"rendered":"<p>Atsiskaitymo b\u016bdai Internetin\u0117je parduotuv\u0117je DRYKST.LT galite atsiskaityti Jums patogiausiu b\u016bdu: 1. Per savo banko elektronin\u0117s bankininkyst\u0117s sistem\u0105 (jungiama per PaySera): Internetin\u0117je parduotuv\u0117je DRYKST.LT u\u017e prekes galima sumok\u0117ti naudojantis populiariausiomis elektronin\u0117s bankininkyst\u0117s sistemomis: AB bankas \u201eSwedbank\u201c, AB \u201eSEB bankas\u201c, AB \u201eDnB bankas\u201c, \u201eNordea Bank Lietuva\u201c, Danske Bank A\/S Lietuvos filialas, , AB \u201e\u0161iauli\u0173 bankas\u201c. Mok\u0117jim\u0173 apdorojimui [&hellip;]<\/p>\n","protected":false},"author":1,"featured_media":0,"parent":0,"menu_order":0,"comment_status":"closed","ping_status":"closed","template":"","meta":{"site-sidebar-layout":"default","site-content-layout":"default","ast-site-content-layout":"","site-content-style":"default","site-sidebar-style":"default","ast-global-header-display":"","ast-banner-title-visibility":"","ast-main-header-display":"","ast-hfb-above-header-display":"","ast-hfb-below-header-display":"","ast-hfb-mobile-header-display":"","site-post-title":"","ast-breadcrumbs-content":"","ast-featured-img":"","footer-sml-layout":"","theme-transparent-header-meta":"default","adv-header-id-meta":"","stick-header-meta":"","header-above-stick-meta":"","header-main-stick-meta":"","header-below-stick-meta":"","astra-migrate-meta-layouts":"default","ast-page-background-enabled":"default","ast-page-background-meta":{"desktop":{"background-color":"","background-image":"","background-repeat":"repeat","background-position":"center center","background-size":"auto","background-attachment":"scroll","background-type":"","background-media":"","overlay-type":"","overlay-color":"","overlay-opacity":"","overlay-gradient":""},"tablet":{"background-color":"","background-image":"","background-repeat":"repeat","background-position":"center center","background-size":"auto","background-attachment":"scroll","background-type":"","background-media":"","overlay-type":"","overlay-color":"","overlay-opacity":"","overlay-gradient":""},"mobile":{"background-color":"","background-image":"","background-repeat":"repeat","background-position":"center center","background-size":"auto","background-attachment":"scroll","background-type":"","background-media":"","overlay-type":"","overlay-color":"","overlay-opacity":"","overlay-gradient":""}},"ast-content-background-meta":{"desktop":{"background-color":"var(--ast-global-color-5)","background-image":"","background-repeat":"repeat","background-position":"center center","background-size":"auto","background-attachment":"scroll","background-type":"","background-media":"","overlay-type":"","overlay-color":"","overlay-opacity":"","overlay-gradient":""},"tablet":{"background-color":"var(--ast-global-color-5)","background-image":"","background-repeat":"repeat","background-position":"center center","background-size":"auto","background-attachment":"scroll","background-type":"","background-media":"","overlay-type":"","overlay-color":"","overlay-opacity":"","overlay-gradient":""},"mobile":{"background-color":"var(--ast-global-color-5)","background-image":"","background-repeat":"repeat","background-position":"center center","background-size":"auto","background-attachment":"scroll","background-type":"","background-media":"","overlay-type":"","overlay-color":"","overlay-opacity":"","overlay-gradient":""}},"footnotes":""},"class_list":["post-8","page","type-page","status-publish","hentry"],"aioseo_notices":[],"_links":{"self":[{"href":"https:\/\/www.drykst.lt\/index.php\/wp-json\/wp\/v2\/pages\/8","targetHints":{"allow":["GET"]}}],"collection":[{"href":"https:\/\/www.drykst.lt\/index.php\/wp-json\/wp\/v2\/pages"}],"about":[{"href":"https:\/\/www.drykst.lt\/index.php\/wp-json\/wp\/v2\/types\/page"}],"author":[{"embeddable":true,"href":"https:\/\/www.drykst.lt\/index.php\/wp-json\/wp\/v2\/users\/1"}],"replies":[{"embeddable":true,"href":"https:\/\/www.drykst.lt\/index.php\/wp-json\/wp\/v2\/comments?post=8"}],"version-history":[{"count":7,"href":"https:\/\/www.drykst.lt\/index.php\/wp-json\/wp\/v2\/pages\/8\/revisions"}],"predecessor-version":[{"id":2881,"href":"https:\/\/www.drykst.lt\/index.php\/wp-json\/wp\/v2\/pages\/8\/revisions\/2881"}],"wp:attachment":[{"href":"https:\/\/www.drykst.lt\/index.php\/wp-json\/wp\/v2\/media?parent=8"}],"curies":[{"name":"wp","href":"https:\/\/api.w.org\/{rel}","templated":true}]}}