{"id":2607,"date":"2021-09-09T15:01:00","date_gmt":"2021-09-09T15:01:00","guid":{"rendered":"http:\/\/drykst.lt\/?post_type=product&#038;p=2607"},"modified":"2021-10-06T07:57:44","modified_gmt":"2021-10-06T07:57:44","slug":"marskineliai-vaikiski-woodland-kamufliazo","status":"publish","type":"product","link":"https:\/\/www.drykst.lt\/index.php\/produktas\/marskineliai-vaikiski-woodland-kamufliazo\/","title":{"rendered":"Mar\u0161kin\u0117liai vaiki\u0161ki &#8222;Woodland&#8221; kamuflia\u017eo"},"content":{"rendered":"<div><strong>Mar\u0161kin\u0117liai <\/strong><strong>vaiki\u0161ki<\/strong><strong> trumpomis rankov\u0117mis\u00a0 &#8222;Woodland&#8221; kamuflia\u017eo<br \/>\n<\/strong><\/div>\n<div><\/div>\n<div>Mar\u0161kin\u0117liai patog\u016bs ir nevar\u017eantys judesi\u0173.<\/div>\n<div>D\u0117ka kokybi\u0161ko audinio, gaminys taip greit nenusiskalbs ir bus ne\u0161iojamas ilgesn\u012f laikotarp\u012f. Apykakl\u0117 su elastanu.<\/div>\n<div><strong>Sud\u0117tis:<\/strong> 100% medviln\u0117, 160g\/m\u00b2<\/div>\n<div><strong>Dyd\u017eiai:<\/strong>\u00a04m\/110cm; 6m\/122cm; 8m\/134cm; 10m\/146cm; 12m\/158cm<\/div>\n<div><\/div>\n<div><span style=\"color: #ff0000;\">PASTABA:\u00a0 \u0160IOS PREK\u0116S GRA\u017dINTI AR PAKEISTI KITA NEGALIMA (I\u0160SKYRUS JEI PREK\u0116 BROKUOTA)<\/span><\/div>\n","protected":false},"excerpt":{"rendered":"<p>Mar\u0161kin\u0117liai vaiki\u0161ki trumpomis rankov\u0117mis\u00a0 &#8222;Woodland&#8221; kamuflia\u017eo Mar\u0161kin\u0117liai patog\u016bs ir nevar\u017eantys judesi\u0173. D\u0117ka kokybi\u0161ko audinio, gaminys taip greit nenusiskalbs ir bus ne\u0161iojamas ilgesn\u012f laikotarp\u012f. Apykakl\u0117 su elastanu. Sud\u0117tis: 100% medviln\u0117, 160g\/m\u00b2 Dyd\u017eiai:\u00a04m\/110cm; 6m\/122cm; 8m\/134cm; 10m\/146cm; 12m\/158cm PASTABA:\u00a0 \u0160IOS PREK\u0116S GRA\u017dINTI AR PAKEISTI KITA NEGALIMA (I\u0160SKYRUS JEI PREK\u0116 BROKUOTA)<\/p>\n","protected":false},"featured_media":2595,"comment_status":"open","ping_status":"closed","template":"","meta":{"site-sidebar-layout":"default","site-content-layout":"default","ast-site-content-layout":"","site-content-style":"default","site-sidebar-style":"default","ast-global-header-display":"","ast-banner-title-visibility":"","ast-main-header-display":"","ast-hfb-above-header-display":"","ast-hfb-below-header-display":"","ast-hfb-mobile-header-display":"","site-post-title":"","ast-breadcrumbs-content":"","ast-featured-img":"","footer-sml-layout":"","theme-transparent-header-meta":"default","adv-header-id-meta":"","stick-header-meta":"","header-above-stick-meta":"","header-main-stick-meta":"","header-below-stick-meta":"","astra-migrate-meta-layouts":"default","ast-page-background-enabled":"default","ast-page-background-meta":{"desktop":{"background-color":"","background-image":"","background-repeat":"repeat","background-position":"center center","background-size":"auto","background-attachment":"scroll","background-type":"","background-media":"","overlay-type":"","overlay-color":"","overlay-opacity":"","overlay-gradient":""},"tablet":{"background-color":"","background-image":"","background-repeat":"repeat","background-position":"center center","background-size":"auto","background-attachment":"scroll","background-type":"","background-media":"","overlay-type":"","overlay-color":"","overlay-opacity":"","overlay-gradient":""},"mobile":{"background-color":"","background-image":"","background-repeat":"repeat","background-position":"center center","background-size":"auto","background-attachment":"scroll","background-type":"","background-media":"","overlay-type":"","overlay-color":"","overlay-opacity":"","overlay-gradient":""}},"ast-content-background-meta":{"desktop":{"background-color":"var(--ast-global-color-5)","background-image":"","background-repeat":"repeat","background-position":"center center","background-size":"auto","background-attachment":"scroll","background-type":"","background-media":"","overlay-type":"","overlay-color":"","overlay-opacity":"","overlay-gradient":""},"tablet":{"background-color":"var(--ast-global-color-5)","background-image":"","background-repeat":"repeat","background-position":"center center","background-size":"auto","background-attachment":"scroll","background-type":"","background-media":"","overlay-type":"","overlay-color":"","overlay-opacity":"","overlay-gradient":""},"mobile":{"background-color":"var(--ast-global-color-5)","background-image":"","background-repeat":"repeat","background-position":"center center","background-size":"auto","background-attachment":"scroll","background-type":"","background-media":"","overlay-type":"","overlay-color":"","overlay-opacity":"","overlay-gradient":""}}},"product_brand":[],"product_cat":[46,49,133],"product_tag":[],"class_list":{"0":"post-2607","1":"product","2":"type-product","3":"status-publish","4":"has-post-thumbnail","6":"product_cat-kariski","7":"product_cat-marskineliai","8":"product_cat-vyrams","9":"desktop-align-left","10":"tablet-align-left","11":"mobile-align-left","13":"first","14":"onbackorder","15":"taxable","16":"shipping-taxable","17":"purchasable","18":"product-type-variable"},"aioseo_notices":[],"_links":{"self":[{"href":"https:\/\/www.drykst.lt\/index.php\/wp-json\/wp\/v2\/product\/2607","targetHints":{"allow":["GET"]}}],"collection":[{"href":"https:\/\/www.drykst.lt\/index.php\/wp-json\/wp\/v2\/product"}],"about":[{"href":"https:\/\/www.drykst.lt\/index.php\/wp-json\/wp\/v2\/types\/product"}],"replies":[{"embeddable":true,"href":"https:\/\/www.drykst.lt\/index.php\/wp-json\/wp\/v2\/comments?post=2607"}],"wp:featuredmedia":[{"embeddable":true,"href":"https:\/\/www.drykst.lt\/index.php\/wp-json\/wp\/v2\/media\/2595"}],"wp:attachment":[{"href":"https:\/\/www.drykst.lt\/index.php\/wp-json\/wp\/v2\/media?parent=2607"}],"wp:term":[{"taxonomy":"product_brand","embeddable":true,"href":"https:\/\/www.drykst.lt\/index.php\/wp-json\/wp\/v2\/product_brand?post=2607"},{"taxonomy":"product_cat","embeddable":true,"href":"https:\/\/www.drykst.lt\/index.php\/wp-json\/wp\/v2\/product_cat?post=2607"},{"taxonomy":"product_tag","embeddable":true,"href":"https:\/\/www.drykst.lt\/index.php\/wp-json\/wp\/v2\/product_tag?post=2607"}],"curies":[{"name":"wp","href":"https:\/\/api.w.org\/{rel}","templated":true}]}}