{"id":2808,"date":"2021-09-23T19:37:50","date_gmt":"2021-09-23T19:37:50","guid":{"rendered":"http:\/\/drykst.lt\/?post_type=product&#038;p=2808"},"modified":"2024-07-16T13:39:24","modified_gmt":"2024-07-16T13:39:24","slug":"siuvineta-veliava-8x5-cm","status":"publish","type":"product","link":"https:\/\/www.drykst.lt\/index.php\/produktas\/siuvineta-veliava-8x5-cm\/","title":{"rendered":"Siuvin\u0117ta v\u0117liava 8&#215;5 cm"},"content":{"rendered":"<p>Auk\u0161tos kokyb\u0117s <b>siuvin\u0117tas antsiuvas v\u0117liava<\/b>\u00a0 8&#215;5 cm<br \/>\n&#8211; Antsiuvas pastiprintas specialia med\u017eiaga, prailginan\u010dia jo patvarum\u0105.<br \/>\n&#8211; Antsiuvas yra prisi\u016btas prie kontaktin\u0117s juostos (VELCRO)<br \/>\n&#8211; Pakeisti antsiuvo dyd\u012f, spalv\u0105 ar dizain\u0105 ra\u0161ykite lai\u0161k\u0105 arba susisiekite per facebook.<br \/>\n&#8211; Antsiuv\u0105 gamina drykst.lt<\/p>\n","protected":false},"excerpt":{"rendered":"<p>Auk\u0161tos kokyb\u0117s siuvin\u0117tas antsiuvas v\u0117liava\u00a0 8&#215;5 cm &#8211; Antsiuvas pastiprintas specialia med\u017eiaga, prailginan\u010dia jo patvarum\u0105. &#8211; Antsiuvas yra prisi\u016btas prie kontaktin\u0117s juostos (VELCRO) &#8211; Pakeisti antsiuvo dyd\u012f, spalv\u0105 ar dizain\u0105 ra\u0161ykite lai\u0161k\u0105 arba susisiekite per facebook. &#8211; Antsiuv\u0105 gamina drykst.lt<\/p>\n","protected":false},"featured_media":2722,"comment_status":"open","ping_status":"closed","template":"","meta":{"site-sidebar-layout":"default","site-content-layout":"default","ast-site-content-layout":"","site-content-style":"default","site-sidebar-style":"default","ast-global-header-display":"","ast-banner-title-visibility":"","ast-main-header-display":"","ast-hfb-above-header-display":"","ast-hfb-below-header-display":"","ast-hfb-mobile-header-display":"","site-post-title":"","ast-breadcrumbs-content":"","ast-featured-img":"","footer-sml-layout":"","theme-transparent-header-meta":"default","adv-header-id-meta":"","stick-header-meta":"","header-above-stick-meta":"","header-main-stick-meta":"","header-below-stick-meta":"","astra-migrate-meta-layouts":"default","ast-page-background-enabled":"default","ast-page-background-meta":{"desktop":{"background-color":"","background-image":"","background-repeat":"repeat","background-position":"center center","background-size":"auto","background-attachment":"scroll","background-type":"","background-media":"","overlay-type":"","overlay-color":"","overlay-opacity":"","overlay-gradient":""},"tablet":{"background-color":"","background-image":"","background-repeat":"repeat","background-position":"center center","background-size":"auto","background-attachment":"scroll","background-type":"","background-media":"","overlay-type":"","overlay-color":"","overlay-opacity":"","overlay-gradient":""},"mobile":{"background-color":"","background-image":"","background-repeat":"repeat","background-position":"center center","background-size":"auto","background-attachment":"scroll","background-type":"","background-media":"","overlay-type":"","overlay-color":"","overlay-opacity":"","overlay-gradient":""}},"ast-content-background-meta":{"desktop":{"background-color":"var(--ast-global-color-5)","background-image":"","background-repeat":"repeat","background-position":"center center","background-size":"auto","background-attachment":"scroll","background-type":"","background-media":"","overlay-type":"","overlay-color":"","overlay-opacity":"","overlay-gradient":""},"tablet":{"background-color":"var(--ast-global-color-5)","background-image":"","background-repeat":"repeat","background-position":"center center","background-size":"auto","background-attachment":"scroll","background-type":"","background-media":"","overlay-type":"","overlay-color":"","overlay-opacity":"","overlay-gradient":""},"mobile":{"background-color":"var(--ast-global-color-5)","background-image":"","background-repeat":"repeat","background-position":"center center","background-size":"auto","background-attachment":"scroll","background-type":"","background-media":"","overlay-type":"","overlay-color":"","overlay-opacity":"","overlay-gradient":""}}},"product_brand":[],"product_cat":[48,114,112],"product_tag":[],"class_list":{"0":"post-2808","1":"product","2":"type-product","3":"status-publish","4":"has-post-thumbnail","6":"product_cat-antsiuvai","7":"product_cat-pasaulio-veliavos","8":"product_cat-patriotiniai","9":"desktop-align-left","10":"tablet-align-left","11":"mobile-align-left","13":"first","14":"instock","15":"taxable","16":"shipping-taxable","17":"purchasable","18":"product-type-simple"},"aioseo_notices":[],"_links":{"self":[{"href":"https:\/\/www.drykst.lt\/index.php\/wp-json\/wp\/v2\/product\/2808","targetHints":{"allow":["GET"]}}],"collection":[{"href":"https:\/\/www.drykst.lt\/index.php\/wp-json\/wp\/v2\/product"}],"about":[{"href":"https:\/\/www.drykst.lt\/index.php\/wp-json\/wp\/v2\/types\/product"}],"replies":[{"embeddable":true,"href":"https:\/\/www.drykst.lt\/index.php\/wp-json\/wp\/v2\/comments?post=2808"}],"wp:featuredmedia":[{"embeddable":true,"href":"https:\/\/www.drykst.lt\/index.php\/wp-json\/wp\/v2\/media\/2722"}],"wp:attachment":[{"href":"https:\/\/www.drykst.lt\/index.php\/wp-json\/wp\/v2\/media?parent=2808"}],"wp:term":[{"taxonomy":"product_brand","embeddable":true,"href":"https:\/\/www.drykst.lt\/index.php\/wp-json\/wp\/v2\/product_brand?post=2808"},{"taxonomy":"product_cat","embeddable":true,"href":"https:\/\/www.drykst.lt\/index.php\/wp-json\/wp\/v2\/product_cat?post=2808"},{"taxonomy":"product_tag","embeddable":true,"href":"https:\/\/www.drykst.lt\/index.php\/wp-json\/wp\/v2\/product_tag?post=2808"}],"curies":[{"name":"wp","href":"https:\/\/api.w.org\/{rel}","templated":true}]}}