{"id":3037,"date":"2021-10-02T14:25:49","date_gmt":"2021-10-02T14:25:49","guid":{"rendered":"https:\/\/www.drykst.lt\/?post_type=product&#038;p=3037"},"modified":"2023-01-25T11:04:07","modified_gmt":"2023-01-25T11:04:07","slug":"siuvinetas-ranksluostis-kasp","status":"publish","type":"product","link":"https:\/\/www.drykst.lt\/index.php\/produktas\/siuvinetas-ranksluostis-kasp\/","title":{"rendered":"Siuvin\u0117tas rank\u0161luostis &#8222;KASP&#8221;"},"content":{"rendered":"<p>Medvilninis frotinis rank\u0161luostis su i\u0161siuvin\u0117tu KASP simboliu. Taip pat, galime papildomai \u012fra\u0161yti vard\u0105.<\/p>\n<p>Rank\u0161luostis puikiai sugeria dr\u0117gm\u0119 ir greit i\u0161d\u017ei\u016bsta bei neu\u017eima daug vietos, kadangi n\u0117ra pernelyg storas.<\/p>\n<p>Puiki suasmeninta dovana j\u016bs\u0173 draugams, bi\u010diuliams ar artimiesiems.<\/p>\n<p>U\u017e papildom\u0105 mokest\u012f (1,50 EUR) supakuosime \u012f dovan\u0173 d\u0117\u017eut\u0119.<\/p>\n<p>Spalv\u0105 galite rinktis net i\u0161 11 skirting\u0173 variant\u0173.<\/p>\n<p>Rank\u0161luos\u010dio dydis &#8211; 70&#215;140 cm, svoris 380g\/m2<\/p>\n<p>Spalvos &#8211; balta, bordo, juoda, m\u0117lyna, oran\u017ein\u0117, pilka, raudona, ro\u017ein\u0117, ruda, violetin\u0117, \u017eydra.<\/p>\n<p><em>D\u0117l individuali\u0173 dizain\u0173 mielai laukiame j\u016bs\u0173 u\u017eklaus\u0173:<\/em><br \/>\ntelefonu +37067480523<br \/>\nel. pa\u0161tu info@drykst.lt<br \/>\nFacebook &#8211; <a href=\"https:\/\/www.facebook.com\/drykst.lt\">https:\/\/www.facebook.com\/drykst.lt<\/a> \ud83d\ude42<\/p>\n<p>&nbsp;<\/p>\n","protected":false},"excerpt":{"rendered":"<p>Medvilninis frotinis rank\u0161luostis su i\u0161siuvin\u0117tu KASP simboliu. Taip pat, galime papildomai \u012fra\u0161yti vard\u0105. Rank\u0161luostis puikiai sugeria dr\u0117gm\u0119 ir greit i\u0161d\u017ei\u016bsta bei neu\u017eima daug vietos, kadangi n\u0117ra pernelyg storas. Puiki suasmeninta dovana j\u016bs\u0173 draugams, bi\u010diuliams ar artimiesiems. U\u017e papildom\u0105 mokest\u012f (1,50 EUR) supakuosime \u012f dovan\u0173 d\u0117\u017eut\u0119. Spalv\u0105 galite rinktis net i\u0161 11 skirting\u0173 variant\u0173. Rank\u0161luos\u010dio dydis [&hellip;]<\/p>\n","protected":false},"featured_media":3033,"comment_status":"open","ping_status":"closed","template":"","meta":{"site-sidebar-layout":"default","site-content-layout":"default","ast-site-content-layout":"","site-content-style":"default","site-sidebar-style":"default","ast-global-header-display":"","ast-banner-title-visibility":"","ast-main-header-display":"","ast-hfb-above-header-display":"","ast-hfb-below-header-display":"","ast-hfb-mobile-header-display":"","site-post-title":"","ast-breadcrumbs-content":"","ast-featured-img":"","footer-sml-layout":"","theme-transparent-header-meta":"default","adv-header-id-meta":"","stick-header-meta":"","header-above-stick-meta":"","header-main-stick-meta":"","header-below-stick-meta":"","astra-migrate-meta-layouts":"default","ast-page-background-enabled":"default","ast-page-background-meta":{"desktop":{"background-color":"","background-image":"","background-repeat":"repeat","background-position":"center center","background-size":"auto","background-attachment":"scroll","background-type":"","background-media":"","overlay-type":"","overlay-color":"","overlay-opacity":"","overlay-gradient":""},"tablet":{"background-color":"","background-image":"","background-repeat":"repeat","background-position":"center center","background-size":"auto","background-attachment":"scroll","background-type":"","background-media":"","overlay-type":"","overlay-color":"","overlay-opacity":"","overlay-gradient":""},"mobile":{"background-color":"","background-image":"","background-repeat":"repeat","background-position":"center center","background-size":"auto","background-attachment":"scroll","background-type":"","background-media":"","overlay-type":"","overlay-color":"","overlay-opacity":"","overlay-gradient":""}},"ast-content-background-meta":{"desktop":{"background-color":"var(--ast-global-color-5)","background-image":"","background-repeat":"repeat","background-position":"center center","background-size":"auto","background-attachment":"scroll","background-type":"","background-media":"","overlay-type":"","overlay-color":"","overlay-opacity":"","overlay-gradient":""},"tablet":{"background-color":"var(--ast-global-color-5)","background-image":"","background-repeat":"repeat","background-position":"center center","background-size":"auto","background-attachment":"scroll","background-type":"","background-media":"","overlay-type":"","overlay-color":"","overlay-opacity":"","overlay-gradient":""},"mobile":{"background-color":"var(--ast-global-color-5)","background-image":"","background-repeat":"repeat","background-position":"center center","background-size":"auto","background-attachment":"scroll","background-type":"","background-media":"","overlay-type":"","overlay-color":"","overlay-opacity":"","overlay-gradient":""}}},"product_brand":[],"product_cat":[50,118],"product_tag":[],"class_list":{"0":"post-3037","1":"product","2":"type-product","3":"status-publish","4":"has-post-thumbnail","6":"product_cat-kiti-produktai","7":"product_cat-ranksluosciai","8":"desktop-align-left","9":"tablet-align-left","10":"mobile-align-left","12":"first","13":"instock","14":"taxable","15":"shipping-taxable","16":"purchasable","17":"product-type-variable"},"aioseo_notices":[],"_links":{"self":[{"href":"https:\/\/www.drykst.lt\/index.php\/wp-json\/wp\/v2\/product\/3037","targetHints":{"allow":["GET"]}}],"collection":[{"href":"https:\/\/www.drykst.lt\/index.php\/wp-json\/wp\/v2\/product"}],"about":[{"href":"https:\/\/www.drykst.lt\/index.php\/wp-json\/wp\/v2\/types\/product"}],"replies":[{"embeddable":true,"href":"https:\/\/www.drykst.lt\/index.php\/wp-json\/wp\/v2\/comments?post=3037"}],"wp:featuredmedia":[{"embeddable":true,"href":"https:\/\/www.drykst.lt\/index.php\/wp-json\/wp\/v2\/media\/3033"}],"wp:attachment":[{"href":"https:\/\/www.drykst.lt\/index.php\/wp-json\/wp\/v2\/media?parent=3037"}],"wp:term":[{"taxonomy":"product_brand","embeddable":true,"href":"https:\/\/www.drykst.lt\/index.php\/wp-json\/wp\/v2\/product_brand?post=3037"},{"taxonomy":"product_cat","embeddable":true,"href":"https:\/\/www.drykst.lt\/index.php\/wp-json\/wp\/v2\/product_cat?post=3037"},{"taxonomy":"product_tag","embeddable":true,"href":"https:\/\/www.drykst.lt\/index.php\/wp-json\/wp\/v2\/product_tag?post=3037"}],"curies":[{"name":"wp","href":"https:\/\/api.w.org\/{rel}","templated":true}]}}