{"id":3835,"date":"2021-10-21T15:19:47","date_gmt":"2021-10-21T15:19:47","guid":{"rendered":"https:\/\/www.drykst.lt\/?post_type=product&#038;p=3835"},"modified":"2023-01-25T11:11:45","modified_gmt":"2023-01-25T11:11:45","slug":"vaikiskas-puodelis-super-herojai","status":"publish","type":"product","link":"https:\/\/www.drykst.lt\/index.php\/produktas\/vaikiskas-puodelis-super-herojai\/","title":{"rendered":"Vaiki\u0161kas puodelis &#8222;Super herojai&#8221;"},"content":{"rendered":"<h4>Keramikinis puodelis su animaciniais persona\u017eais ir vardu.<\/h4>\n<p>&nbsp;<\/p>\n<p>Puodelis gali b\u016bti baltu arba juodu vidumi.<\/p>\n<p><span class=\"d2edcug0 hpfvmrgz qv66sw1b c1et5uql lr9zc1uh a8c37x1j keod5gw0 nxhoafnm aigsh9s9 d3f4x2em fe6kdd0r mau55g9w c8b282yb iv3no6db jq4qci2q a3bd9o3v b1v8xokw oo9gr5id\" dir=\"auto\">Talpa &#8211; 350ml, dydis 9,5&#215;8,5 cm.<\/span><\/p>\n<p><span class=\"d2edcug0 hpfvmrgz qv66sw1b c1et5uql lr9zc1uh a8c37x1j keod5gw0 nxhoafnm aigsh9s9 d3f4x2em fe6kdd0r mau55g9w c8b282yb iv3no6db jq4qci2q a3bd9o3v b1v8xokw oo9gr5id\" dir=\"auto\">Maksimalus nuotraukos auk\u0161tis ant puodelio &#8211; 9 cm.<\/span><\/p>\n<p>Galite \u012fvesti savo pageidaujam\u0105 tekst\u0105.<\/p>\n<p>&nbsp;<\/p>\n<p><em>D\u0117l individuali\u0173 dizain\u0173 mielai laukiame j\u016bs\u0173 u\u017eklaus\u0173:<\/em><br \/>\ntelefonu +37067480523<br \/>\nel. pa\u0161tu info@drykst.lt<br \/>\nFacebook &#8211; <a href=\"https:\/\/www.facebook.com\/drykst.lt\">https:\/\/www.facebook.com\/drykst.lt<\/a> \ud83d\ude42<\/p>\n","protected":false},"excerpt":{"rendered":"<p>Keramikinis puodelis su animaciniais persona\u017eais ir vardu. &nbsp; Puodelis gali b\u016bti baltu arba juodu vidumi. Talpa &#8211; 350ml, dydis 9,5&#215;8,5 cm. Maksimalus nuotraukos auk\u0161tis ant puodelio &#8211; 9 cm. Galite \u012fvesti savo pageidaujam\u0105 tekst\u0105. &nbsp; D\u0117l individuali\u0173 dizain\u0173 mielai laukiame j\u016bs\u0173 u\u017eklaus\u0173: telefonu +37067480523 el. pa\u0161tu info@drykst.lt Facebook &#8211; https:\/\/www.facebook.com\/drykst.lt \ud83d\ude42<\/p>\n","protected":false},"featured_media":3841,"comment_status":"open","ping_status":"closed","template":"","meta":{"site-sidebar-layout":"default","site-content-layout":"default","ast-site-content-layout":"","site-content-style":"default","site-sidebar-style":"default","ast-global-header-display":"","ast-banner-title-visibility":"","ast-main-header-display":"","ast-hfb-above-header-display":"","ast-hfb-below-header-display":"","ast-hfb-mobile-header-display":"","site-post-title":"","ast-breadcrumbs-content":"","ast-featured-img":"","footer-sml-layout":"","theme-transparent-header-meta":"default","adv-header-id-meta":"","stick-header-meta":"","header-above-stick-meta":"","header-main-stick-meta":"","header-below-stick-meta":"","astra-migrate-meta-layouts":"default","ast-page-background-enabled":"default","ast-page-background-meta":{"desktop":{"background-color":"","background-image":"","background-repeat":"repeat","background-position":"center center","background-size":"auto","background-attachment":"scroll","background-type":"","background-media":"","overlay-type":"","overlay-color":"","overlay-opacity":"","overlay-gradient":""},"tablet":{"background-color":"","background-image":"","background-repeat":"repeat","background-position":"center center","background-size":"auto","background-attachment":"scroll","background-type":"","background-media":"","overlay-type":"","overlay-color":"","overlay-opacity":"","overlay-gradient":""},"mobile":{"background-color":"","background-image":"","background-repeat":"repeat","background-position":"center center","background-size":"auto","background-attachment":"scroll","background-type":"","background-media":"","overlay-type":"","overlay-color":"","overlay-opacity":"","overlay-gradient":""}},"ast-content-background-meta":{"desktop":{"background-color":"var(--ast-global-color-5)","background-image":"","background-repeat":"repeat","background-position":"center center","background-size":"auto","background-attachment":"scroll","background-type":"","background-media":"","overlay-type":"","overlay-color":"","overlay-opacity":"","overlay-gradient":""},"tablet":{"background-color":"var(--ast-global-color-5)","background-image":"","background-repeat":"repeat","background-position":"center center","background-size":"auto","background-attachment":"scroll","background-type":"","background-media":"","overlay-type":"","overlay-color":"","overlay-opacity":"","overlay-gradient":""},"mobile":{"background-color":"var(--ast-global-color-5)","background-image":"","background-repeat":"repeat","background-position":"center center","background-size":"auto","background-attachment":"scroll","background-type":"","background-media":"","overlay-type":"","overlay-color":"","overlay-opacity":"","overlay-gradient":""}}},"product_brand":[],"product_cat":[50,26],"product_tag":[],"class_list":{"0":"post-3835","1":"product","2":"type-product","3":"status-publish","4":"has-post-thumbnail","6":"product_cat-kiti-produktai","7":"product_cat-puodeliai","8":"desktop-align-left","9":"tablet-align-left","10":"mobile-align-left","12":"first","13":"instock","14":"taxable","15":"shipping-taxable","16":"purchasable","17":"product-type-variable"},"aioseo_notices":[],"_links":{"self":[{"href":"https:\/\/www.drykst.lt\/index.php\/wp-json\/wp\/v2\/product\/3835","targetHints":{"allow":["GET"]}}],"collection":[{"href":"https:\/\/www.drykst.lt\/index.php\/wp-json\/wp\/v2\/product"}],"about":[{"href":"https:\/\/www.drykst.lt\/index.php\/wp-json\/wp\/v2\/types\/product"}],"replies":[{"embeddable":true,"href":"https:\/\/www.drykst.lt\/index.php\/wp-json\/wp\/v2\/comments?post=3835"}],"wp:featuredmedia":[{"embeddable":true,"href":"https:\/\/www.drykst.lt\/index.php\/wp-json\/wp\/v2\/media\/3841"}],"wp:attachment":[{"href":"https:\/\/www.drykst.lt\/index.php\/wp-json\/wp\/v2\/media?parent=3835"}],"wp:term":[{"taxonomy":"product_brand","embeddable":true,"href":"https:\/\/www.drykst.lt\/index.php\/wp-json\/wp\/v2\/product_brand?post=3835"},{"taxonomy":"product_cat","embeddable":true,"href":"https:\/\/www.drykst.lt\/index.php\/wp-json\/wp\/v2\/product_cat?post=3835"},{"taxonomy":"product_tag","embeddable":true,"href":"https:\/\/www.drykst.lt\/index.php\/wp-json\/wp\/v2\/product_tag?post=3835"}],"curies":[{"name":"wp","href":"https:\/\/api.w.org\/{rel}","templated":true}]}}