{"id":3937,"date":"2021-10-22T18:13:29","date_gmt":"2021-10-22T18:13:29","guid":{"rendered":"https:\/\/www.drykst.lt\/?post_type=product&#038;p=3937"},"modified":"2024-12-18T09:55:59","modified_gmt":"2024-12-18T09:55:59","slug":"vaikiskas-dzemperis-vienaragis","status":"publish","type":"product","link":"https:\/\/www.drykst.lt\/index.php\/produktas\/vaikiskas-dzemperis-vienaragis\/","title":{"rendered":"Vaiki\u0161kas d\u017eemperis &#8222;Vienaragis&#8221;"},"content":{"rendered":"<h4>Vienspalvis d\u017eemperis be gobtuvo vaikams su Vienaragiu ir vardu.<\/h4>\n<p>Patogus, nevar\u017eantis judesi\u0173 d\u017eemperis. Mink\u0161tas ir \u0161velnus \u0161iau\u0161to trikota\u017eo vidus.<\/p>\n<p>Lastikinio pynimo su elastanu rankogaliai, apykakl\u0117 ir apa\u010dia. Prisi\u016btos rankov\u0117s.<\/p>\n<p>Gramat\u016bra &#8211; 280 g\/m2 (vidutinio standumo)<\/p>\n<p>Sud\u0117tis &#8211; 50% medviln\u0117, 50% poliesteris.<\/p>\n<p>Galima spauda priekyje ir gale.<\/p>\n<p><em>D\u0117l individuali\u0173 dizain\u0173 mielai laukiame j\u016bs\u0173 u\u017eklaus\u0173:<\/em><br \/>\ntelefonu +37067480523<br \/>\nel. pa\u0161tu info@drykst.lt<br \/>\nFacebook \u2013 <a href=\"https:\/\/www.facebook.com\/drykst.lt\">https:\/\/www.facebook.com\/drykst.lt <\/a>\ud83d\ude42<\/p>\n","protected":false},"excerpt":{"rendered":"<p>Vienspalvis d\u017eemperis be gobtuvo vaikams su Vienaragiu ir vardu. Patogus, nevar\u017eantis judesi\u0173 d\u017eemperis. Mink\u0161tas ir \u0161velnus \u0161iau\u0161to trikota\u017eo vidus. Lastikinio pynimo su elastanu rankogaliai, apykakl\u0117 ir apa\u010dia. Prisi\u016btos rankov\u0117s. Gramat\u016bra &#8211; 280 g\/m2 (vidutinio standumo) Sud\u0117tis &#8211; 50% medviln\u0117, 50% poliesteris. Galima spauda priekyje ir gale. D\u0117l individuali\u0173 dizain\u0173 mielai laukiame j\u016bs\u0173 u\u017eklaus\u0173: telefonu +37067480523 [&hellip;]<\/p>\n","protected":false},"featured_media":3970,"comment_status":"open","ping_status":"closed","template":"","meta":{"site-sidebar-layout":"default","site-content-layout":"default","ast-site-content-layout":"","site-content-style":"default","site-sidebar-style":"default","ast-global-header-display":"","ast-banner-title-visibility":"","ast-main-header-display":"","ast-hfb-above-header-display":"","ast-hfb-below-header-display":"","ast-hfb-mobile-header-display":"","site-post-title":"","ast-breadcrumbs-content":"","ast-featured-img":"","footer-sml-layout":"","theme-transparent-header-meta":"default","adv-header-id-meta":"","stick-header-meta":"","header-above-stick-meta":"","header-main-stick-meta":"","header-below-stick-meta":"","astra-migrate-meta-layouts":"default","ast-page-background-enabled":"default","ast-page-background-meta":{"desktop":{"background-color":"","background-image":"","background-repeat":"repeat","background-position":"center center","background-size":"auto","background-attachment":"scroll","background-type":"","background-media":"","overlay-type":"","overlay-color":"","overlay-opacity":"","overlay-gradient":""},"tablet":{"background-color":"","background-image":"","background-repeat":"repeat","background-position":"center center","background-size":"auto","background-attachment":"scroll","background-type":"","background-media":"","overlay-type":"","overlay-color":"","overlay-opacity":"","overlay-gradient":""},"mobile":{"background-color":"","background-image":"","background-repeat":"repeat","background-position":"center center","background-size":"auto","background-attachment":"scroll","background-type":"","background-media":"","overlay-type":"","overlay-color":"","overlay-opacity":"","overlay-gradient":""}},"ast-content-background-meta":{"desktop":{"background-color":"var(--ast-global-color-5)","background-image":"","background-repeat":"repeat","background-position":"center center","background-size":"auto","background-attachment":"scroll","background-type":"","background-media":"","overlay-type":"","overlay-color":"","overlay-opacity":"","overlay-gradient":""},"tablet":{"background-color":"var(--ast-global-color-5)","background-image":"","background-repeat":"repeat","background-position":"center center","background-size":"auto","background-attachment":"scroll","background-type":"","background-media":"","overlay-type":"","overlay-color":"","overlay-opacity":"","overlay-gradient":""},"mobile":{"background-color":"var(--ast-global-color-5)","background-image":"","background-repeat":"repeat","background-position":"center center","background-size":"auto","background-attachment":"scroll","background-type":"","background-media":"","overlay-type":"","overlay-color":"","overlay-opacity":"","overlay-gradient":""}}},"product_brand":[],"product_cat":[130,131,138],"product_tag":[],"class_list":{"0":"post-3937","1":"product","2":"type-product","3":"status-publish","4":"has-post-thumbnail","6":"product_cat-apranga","7":"product_cat-dzemperiai","8":"product_cat-vaikams-dzemperiai","9":"desktop-align-left","10":"tablet-align-left","11":"mobile-align-left","13":"first","14":"onbackorder","15":"taxable","16":"shipping-taxable","17":"purchasable","18":"product-type-variable","19":"has-default-attributes"},"aioseo_notices":[],"_links":{"self":[{"href":"https:\/\/www.drykst.lt\/index.php\/wp-json\/wp\/v2\/product\/3937","targetHints":{"allow":["GET"]}}],"collection":[{"href":"https:\/\/www.drykst.lt\/index.php\/wp-json\/wp\/v2\/product"}],"about":[{"href":"https:\/\/www.drykst.lt\/index.php\/wp-json\/wp\/v2\/types\/product"}],"replies":[{"embeddable":true,"href":"https:\/\/www.drykst.lt\/index.php\/wp-json\/wp\/v2\/comments?post=3937"}],"wp:featuredmedia":[{"embeddable":true,"href":"https:\/\/www.drykst.lt\/index.php\/wp-json\/wp\/v2\/media\/3970"}],"wp:attachment":[{"href":"https:\/\/www.drykst.lt\/index.php\/wp-json\/wp\/v2\/media?parent=3937"}],"wp:term":[{"taxonomy":"product_brand","embeddable":true,"href":"https:\/\/www.drykst.lt\/index.php\/wp-json\/wp\/v2\/product_brand?post=3937"},{"taxonomy":"product_cat","embeddable":true,"href":"https:\/\/www.drykst.lt\/index.php\/wp-json\/wp\/v2\/product_cat?post=3937"},{"taxonomy":"product_tag","embeddable":true,"href":"https:\/\/www.drykst.lt\/index.php\/wp-json\/wp\/v2\/product_tag?post=3937"}],"curies":[{"name":"wp","href":"https:\/\/api.w.org\/{rel}","templated":true}]}}