{"id":4545,"date":"2021-11-15T15:06:13","date_gmt":"2021-11-15T15:06:13","guid":{"rendered":"https:\/\/www.drykst.lt\/?post_type=product&#038;p=4545"},"modified":"2025-12-08T10:14:47","modified_gmt":"2025-12-08T10:14:47","slug":"puodelis-be-kavutes","status":"publish","type":"product","link":"https:\/\/www.drykst.lt\/index.php\/produktas\/puodelis-be-kavutes\/","title":{"rendered":"Puodelis &#8222;Be kavut\u0117s&#8230;&#8221;"},"content":{"rendered":"<h4>Keramikinis puodelis su personalizuotu u\u017era\u0161u, paveiksl\u0117liu ar j\u016bs\u0173 nuotrauka.<\/h4>\n<p>&nbsp;<\/p>\n<p>Puodelis gali b\u016bti baltu arba juodu vidumi.<\/p>\n<p><span class=\"d2edcug0 hpfvmrgz qv66sw1b c1et5uql lr9zc1uh a8c37x1j keod5gw0 nxhoafnm aigsh9s9 d3f4x2em fe6kdd0r mau55g9w c8b282yb iv3no6db jq4qci2q a3bd9o3v b1v8xokw oo9gr5id\" dir=\"auto\">Talpa &#8211; 350ml, dydis 9,5&#215;8,5 cm.<\/span><\/p>\n<p><span class=\"d2edcug0 hpfvmrgz qv66sw1b c1et5uql lr9zc1uh a8c37x1j keod5gw0 nxhoafnm aigsh9s9 d3f4x2em fe6kdd0r mau55g9w c8b282yb iv3no6db jq4qci2q a3bd9o3v b1v8xokw oo9gr5id\" dir=\"auto\">Maksimalus nuotraukos auk\u0161tis ant puodelio &#8211; 9 cm.<\/span><\/p>\n<p>Galite \u012fvesti savo pageidaujam\u0105 tekst\u0105.<\/p>\n<p>Vietoj pie\u0161in\u0117lio, galima d\u0117ti j\u016bs\u0173 nuotrauk\u0105. Nuotrauk\u0105 gal\u0117site \u012fkelti apmok\u0117jimo \u017eingsnyje.<\/p>\n<p>P.s. ne\u012fk\u0117lus nuotraukos, puodel\u012f pagaminsime su u\u017era\u0161u ir paveiksl\u0117liu, matomu nuotraukoje.<\/p>\n<p><em>D\u0117l individuali\u0173 dizain\u0173 mielai laukiame j\u016bs\u0173 u\u017eklaus\u0173:<\/em><br \/>\ntelefonu +37067480523<br \/>\nel. pa\u0161tu info@drykst.lt<br \/>\nFacebook &#8211; <a href=\"https:\/\/www.facebook.com\/drykst.lt\">https:\/\/www.facebook.com\/drykst.lt<\/a> \ud83d\ude42<\/p>\n","protected":false},"excerpt":{"rendered":"<p>Keramikinis puodelis su personalizuotu u\u017era\u0161u, paveiksl\u0117liu ar j\u016bs\u0173 nuotrauka. &nbsp; Puodelis gali b\u016bti baltu arba juodu vidumi. Talpa &#8211; 350ml, dydis 9,5&#215;8,5 cm. Maksimalus nuotraukos auk\u0161tis ant puodelio &#8211; 9 cm. Galite \u012fvesti savo pageidaujam\u0105 tekst\u0105. Vietoj pie\u0161in\u0117lio, galima d\u0117ti j\u016bs\u0173 nuotrauk\u0105. Nuotrauk\u0105 gal\u0117site \u012fkelti apmok\u0117jimo \u017eingsnyje. P.s. ne\u012fk\u0117lus nuotraukos, puodel\u012f pagaminsime su u\u017era\u0161u ir [&hellip;]<\/p>\n","protected":false},"featured_media":4528,"comment_status":"open","ping_status":"closed","template":"","meta":{"site-sidebar-layout":"default","site-content-layout":"default","ast-site-content-layout":"","site-content-style":"default","site-sidebar-style":"default","ast-global-header-display":"","ast-banner-title-visibility":"","ast-main-header-display":"","ast-hfb-above-header-display":"","ast-hfb-below-header-display":"","ast-hfb-mobile-header-display":"","site-post-title":"","ast-breadcrumbs-content":"","ast-featured-img":"","footer-sml-layout":"","theme-transparent-header-meta":"default","adv-header-id-meta":"","stick-header-meta":"","header-above-stick-meta":"","header-main-stick-meta":"","header-below-stick-meta":"","astra-migrate-meta-layouts":"default","ast-page-background-enabled":"default","ast-page-background-meta":{"desktop":{"background-color":"","background-image":"","background-repeat":"repeat","background-position":"center center","background-size":"auto","background-attachment":"scroll","background-type":"","background-media":"","overlay-type":"","overlay-color":"","overlay-opacity":"","overlay-gradient":""},"tablet":{"background-color":"","background-image":"","background-repeat":"repeat","background-position":"center center","background-size":"auto","background-attachment":"scroll","background-type":"","background-media":"","overlay-type":"","overlay-color":"","overlay-opacity":"","overlay-gradient":""},"mobile":{"background-color":"","background-image":"","background-repeat":"repeat","background-position":"center center","background-size":"auto","background-attachment":"scroll","background-type":"","background-media":"","overlay-type":"","overlay-color":"","overlay-opacity":"","overlay-gradient":""}},"ast-content-background-meta":{"desktop":{"background-color":"var(--ast-global-color-5)","background-image":"","background-repeat":"repeat","background-position":"center center","background-size":"auto","background-attachment":"scroll","background-type":"","background-media":"","overlay-type":"","overlay-color":"","overlay-opacity":"","overlay-gradient":""},"tablet":{"background-color":"var(--ast-global-color-5)","background-image":"","background-repeat":"repeat","background-position":"center center","background-size":"auto","background-attachment":"scroll","background-type":"","background-media":"","overlay-type":"","overlay-color":"","overlay-opacity":"","overlay-gradient":""},"mobile":{"background-color":"var(--ast-global-color-5)","background-image":"","background-repeat":"repeat","background-position":"center center","background-size":"auto","background-attachment":"scroll","background-type":"","background-media":"","overlay-type":"","overlay-color":"","overlay-opacity":"","overlay-gradient":""}}},"product_brand":[],"product_cat":[50,26],"product_tag":[],"class_list":{"0":"post-4545","1":"product","2":"type-product","3":"status-publish","4":"has-post-thumbnail","6":"product_cat-kiti-produktai","7":"product_cat-puodeliai","8":"desktop-align-left","9":"tablet-align-left","10":"mobile-align-left","12":"first","13":"onbackorder","14":"taxable","15":"shipping-taxable","16":"purchasable","17":"product-type-variable"},"aioseo_notices":[],"_links":{"self":[{"href":"https:\/\/www.drykst.lt\/index.php\/wp-json\/wp\/v2\/product\/4545","targetHints":{"allow":["GET"]}}],"collection":[{"href":"https:\/\/www.drykst.lt\/index.php\/wp-json\/wp\/v2\/product"}],"about":[{"href":"https:\/\/www.drykst.lt\/index.php\/wp-json\/wp\/v2\/types\/product"}],"replies":[{"embeddable":true,"href":"https:\/\/www.drykst.lt\/index.php\/wp-json\/wp\/v2\/comments?post=4545"}],"wp:featuredmedia":[{"embeddable":true,"href":"https:\/\/www.drykst.lt\/index.php\/wp-json\/wp\/v2\/media\/4528"}],"wp:attachment":[{"href":"https:\/\/www.drykst.lt\/index.php\/wp-json\/wp\/v2\/media?parent=4545"}],"wp:term":[{"taxonomy":"product_brand","embeddable":true,"href":"https:\/\/www.drykst.lt\/index.php\/wp-json\/wp\/v2\/product_brand?post=4545"},{"taxonomy":"product_cat","embeddable":true,"href":"https:\/\/www.drykst.lt\/index.php\/wp-json\/wp\/v2\/product_cat?post=4545"},{"taxonomy":"product_tag","embeddable":true,"href":"https:\/\/www.drykst.lt\/index.php\/wp-json\/wp\/v2\/product_tag?post=4545"}],"curies":[{"name":"wp","href":"https:\/\/api.w.org\/{rel}","templated":true}]}}