{"id":4571,"date":"2021-11-25T17:10:36","date_gmt":"2021-11-25T17:10:36","guid":{"rendered":"https:\/\/www.drykst.lt\/?post_type=product&#038;p=4571"},"modified":"2024-07-16T15:20:17","modified_gmt":"2024-07-16T15:20:17","slug":"kvadratine-foto-drobe","status":"publish","type":"product","link":"https:\/\/www.drykst.lt\/index.php\/produktas\/kvadratine-foto-drobe\/","title":{"rendered":"Kvadratin\u0117 foto drob\u0117"},"content":{"rendered":"<h4><b>Paveikslai ant drob\u0117s (fotodrob\u0117s) <\/b>\u2013 tai puiki interjero detal\u0117 ir ideali dovana kiekvienai progai.<\/h4>\n<p>&nbsp;<\/p>\n<p>Fotodrob\u0117 \u2013 tai nuotrauk\u0173, paveiksl\u0173 ir reprodukcij\u0173 spausdinimas ant sintetin\u0117s drob\u0117s, kuri u\u017etempiama ant Lietuvoje pagamint\u0173 medienos por\u0117mi\u0173. J\u016bs\u0173 nuotraukas atspausdinsime auk\u0161\u010diausia spaudos rai\u0161ka, su nauju ir aplinkai draugi\u0161ku lateksiniu spausdintuvu, kad J\u016bs\u0173 drob\u0117s b\u016bt\u0173 tobulos!<\/p>\n<p>Sintetin\u0117 drob\u0117, gaminama i\u0161 poliesterio. Pasi\u017eymi itin geromis savyb\u0117mis \u2013 mink\u0161tumu, stiprumu, atsparumu dr\u0117gmei, temperaturos poky\u010diams ir aplinkos poveikiui \u2013 kurios u\u017etikrina nuotraukos ant drob\u0117s ilgaam\u017ei\u0161kum\u0105. Taip pat drobei budingas pavir\u0161iaus blizgumas, i\u0161ry\u0161kejantis esant tamsioms spalvoms.<\/p>\n<p>Siekdami gauti geriausi\u0105 nuotraukos ant drob\u0117s kokyb\u0119, atid\u017eiai\u00a0 pasirinkite auk\u0161\u010diausi\u0105 nuotraukos rai\u0161k\u0105.\u00a0 \u012esitikinkite, kad norimo atspausdinti objekto pad\u0117tis\u00a0 nuotraukoje tinkamai i\u0161sid\u0117s\u010diusi, smulkios detal\u0117s ry\u0161kios,\u00a0 ai\u0161kios ir kt. Kuo didesn\u0117 nuotraukos geba, tuo geriau\u00a0 atspausime nuotrauk\u0105 ant drob\u0117s.<\/p>\n<p>I\u0161sirinkite, kokio dyd\u017eio drob\u0117s nor\u0117tum\u0117te ir pateikite u\u017esakym\u0105. Savo nuotrauk\u0105 atsi\u0173skite mums el. pa\u0161tu <strong>info@drykst.lt,\u00a0<\/strong>lai\u0161ke nurodydami u\u017esakymo numer\u012f.<\/p>\n","protected":false},"excerpt":{"rendered":"<p>Paveikslai ant drob\u0117s (fotodrob\u0117s) \u2013 tai puiki interjero detal\u0117 ir ideali dovana kiekvienai progai. &nbsp; Fotodrob\u0117 \u2013 tai nuotrauk\u0173, paveiksl\u0173 ir reprodukcij\u0173 spausdinimas ant sintetin\u0117s drob\u0117s, kuri u\u017etempiama ant Lietuvoje pagamint\u0173 medienos por\u0117mi\u0173. J\u016bs\u0173 nuotraukas atspausdinsime auk\u0161\u010diausia spaudos rai\u0161ka, su nauju ir aplinkai draugi\u0161ku lateksiniu spausdintuvu, kad J\u016bs\u0173 drob\u0117s b\u016bt\u0173 tobulos! Sintetin\u0117 drob\u0117, gaminama i\u0161 [&hellip;]<\/p>\n","protected":false},"featured_media":4584,"comment_status":"open","ping_status":"closed","template":"","meta":{"site-sidebar-layout":"default","site-content-layout":"default","ast-site-content-layout":"","site-content-style":"default","site-sidebar-style":"default","ast-global-header-display":"","ast-banner-title-visibility":"","ast-main-header-display":"","ast-hfb-above-header-display":"","ast-hfb-below-header-display":"","ast-hfb-mobile-header-display":"","site-post-title":"","ast-breadcrumbs-content":"","ast-featured-img":"","footer-sml-layout":"","theme-transparent-header-meta":"default","adv-header-id-meta":"","stick-header-meta":"","header-above-stick-meta":"","header-main-stick-meta":"","header-below-stick-meta":"","astra-migrate-meta-layouts":"default","ast-page-background-enabled":"default","ast-page-background-meta":{"desktop":{"background-color":"","background-image":"","background-repeat":"repeat","background-position":"center center","background-size":"auto","background-attachment":"scroll","background-type":"","background-media":"","overlay-type":"","overlay-color":"","overlay-opacity":"","overlay-gradient":""},"tablet":{"background-color":"","background-image":"","background-repeat":"repeat","background-position":"center center","background-size":"auto","background-attachment":"scroll","background-type":"","background-media":"","overlay-type":"","overlay-color":"","overlay-opacity":"","overlay-gradient":""},"mobile":{"background-color":"","background-image":"","background-repeat":"repeat","background-position":"center center","background-size":"auto","background-attachment":"scroll","background-type":"","background-media":"","overlay-type":"","overlay-color":"","overlay-opacity":"","overlay-gradient":""}},"ast-content-background-meta":{"desktop":{"background-color":"var(--ast-global-color-5)","background-image":"","background-repeat":"repeat","background-position":"center center","background-size":"auto","background-attachment":"scroll","background-type":"","background-media":"","overlay-type":"","overlay-color":"","overlay-opacity":"","overlay-gradient":""},"tablet":{"background-color":"var(--ast-global-color-5)","background-image":"","background-repeat":"repeat","background-position":"center center","background-size":"auto","background-attachment":"scroll","background-type":"","background-media":"","overlay-type":"","overlay-color":"","overlay-opacity":"","overlay-gradient":""},"mobile":{"background-color":"var(--ast-global-color-5)","background-image":"","background-repeat":"repeat","background-position":"center center","background-size":"auto","background-attachment":"scroll","background-type":"","background-media":"","overlay-type":"","overlay-color":"","overlay-opacity":"","overlay-gradient":""}}},"product_brand":[],"product_cat":[148,176,50],"product_tag":[],"class_list":{"0":"post-4571","1":"product","2":"type-product","3":"status-publish","4":"has-post-thumbnail","6":"product_cat-foto-drobes","7":"product_cat-kaledines-dovanos","8":"product_cat-kiti-produktai","9":"desktop-align-left","10":"tablet-align-left","11":"mobile-align-left","13":"first","14":"onbackorder","15":"taxable","16":"shipping-taxable","17":"purchasable","18":"product-type-variable"},"aioseo_notices":[],"_links":{"self":[{"href":"https:\/\/www.drykst.lt\/index.php\/wp-json\/wp\/v2\/product\/4571","targetHints":{"allow":["GET"]}}],"collection":[{"href":"https:\/\/www.drykst.lt\/index.php\/wp-json\/wp\/v2\/product"}],"about":[{"href":"https:\/\/www.drykst.lt\/index.php\/wp-json\/wp\/v2\/types\/product"}],"replies":[{"embeddable":true,"href":"https:\/\/www.drykst.lt\/index.php\/wp-json\/wp\/v2\/comments?post=4571"}],"wp:featuredmedia":[{"embeddable":true,"href":"https:\/\/www.drykst.lt\/index.php\/wp-json\/wp\/v2\/media\/4584"}],"wp:attachment":[{"href":"https:\/\/www.drykst.lt\/index.php\/wp-json\/wp\/v2\/media?parent=4571"}],"wp:term":[{"taxonomy":"product_brand","embeddable":true,"href":"https:\/\/www.drykst.lt\/index.php\/wp-json\/wp\/v2\/product_brand?post=4571"},{"taxonomy":"product_cat","embeddable":true,"href":"https:\/\/www.drykst.lt\/index.php\/wp-json\/wp\/v2\/product_cat?post=4571"},{"taxonomy":"product_tag","embeddable":true,"href":"https:\/\/www.drykst.lt\/index.php\/wp-json\/wp\/v2\/product_tag?post=4571"}],"curies":[{"name":"wp","href":"https:\/\/api.w.org\/{rel}","templated":true}]}}