{"id":4724,"date":"2021-11-30T09:43:21","date_gmt":"2021-11-30T09:43:21","guid":{"rendered":"https:\/\/www.drykst.lt\/?post_type=product&#038;p=4724"},"modified":"2023-01-25T10:59:36","modified_gmt":"2023-01-25T10:59:36","slug":"siuvinetas-ranksluostis-su-sv-kaledom","status":"publish","type":"product","link":"https:\/\/www.drykst.lt\/index.php\/produktas\/siuvinetas-ranksluostis-su-sv-kaledom\/","title":{"rendered":"Siuvin\u0117tas rank\u0161luostis &#8222;Su \u0161v. Kal\u0117dom&#8221;"},"content":{"rendered":"<p>Medvilninis frotinis rank\u0161luostis su i\u0161siuvin\u0117tu Kal\u0117diniu sveikinimu.<\/p>\n<p>Rank\u0161luostis puikiai sugeria dr\u0117gm\u0119 ir greit i\u0161d\u017ei\u016bsta bei neu\u017eima daug vietos, kadangi n\u0117ra pernelyg storas.<\/p>\n<p>Puiki suasmeninta dovana tiek suaugusiems, tiek vaikams.<\/p>\n<p>U\u017e papildom\u0105 mokest\u012f (1,50 EUR) supakuosime \u012f dovan\u0173 d\u0117\u017eut\u0119.<\/p>\n<p>Spalv\u0105 galite rinktis net i\u0161 12 skirting\u0173 variant\u0173.<\/p>\n<p>Rank\u0161luos\u010dio dydis &#8211; 70&#215;140 cm, svoris 380g\/m2<\/p>\n<p>Spalvos &#8211; balta, bordo, juoda, m\u0117lyna, oran\u017ein\u0117, pilka, raudona, ro\u017ein\u0117, ruda, violetin\u0117, \u017eydra, \u017ealia.<\/p>\n<p><em>D\u0117l individuali\u0173 dizain\u0173 mielai laukiame j\u016bs\u0173 u\u017eklaus\u0173:<\/em><br \/>\ntelefonu +37067480523<br \/>\nel. pa\u0161tu info@drykst.lt<br \/>\nFacebook &#8211; <a href=\"https:\/\/www.facebook.com\/drykst.lt\">https:\/\/www.facebook.com\/drykst.lt<\/a> \ud83d\ude42<\/p>\n","protected":false},"excerpt":{"rendered":"<p>Medvilninis frotinis rank\u0161luostis su i\u0161siuvin\u0117tu Kal\u0117diniu sveikinimu. Rank\u0161luostis puikiai sugeria dr\u0117gm\u0119 ir greit i\u0161d\u017ei\u016bsta bei neu\u017eima daug vietos, kadangi n\u0117ra pernelyg storas. Puiki suasmeninta dovana tiek suaugusiems, tiek vaikams. U\u017e papildom\u0105 mokest\u012f (1,50 EUR) supakuosime \u012f dovan\u0173 d\u0117\u017eut\u0119. Spalv\u0105 galite rinktis net i\u0161 12 skirting\u0173 variant\u0173. Rank\u0161luos\u010dio dydis &#8211; 70&#215;140 cm, svoris 380g\/m2 Spalvos &#8211; [&hellip;]<\/p>\n","protected":false},"featured_media":4740,"comment_status":"open","ping_status":"closed","template":"","meta":{"site-sidebar-layout":"default","site-content-layout":"default","ast-site-content-layout":"","site-content-style":"default","site-sidebar-style":"default","ast-global-header-display":"","ast-banner-title-visibility":"","ast-main-header-display":"","ast-hfb-above-header-display":"","ast-hfb-below-header-display":"","ast-hfb-mobile-header-display":"","site-post-title":"","ast-breadcrumbs-content":"","ast-featured-img":"","footer-sml-layout":"","theme-transparent-header-meta":"default","adv-header-id-meta":"","stick-header-meta":"","header-above-stick-meta":"","header-main-stick-meta":"","header-below-stick-meta":"","astra-migrate-meta-layouts":"default","ast-page-background-enabled":"default","ast-page-background-meta":{"desktop":{"background-color":"","background-image":"","background-repeat":"repeat","background-position":"center center","background-size":"auto","background-attachment":"scroll","background-type":"","background-media":"","overlay-type":"","overlay-color":"","overlay-opacity":"","overlay-gradient":""},"tablet":{"background-color":"","background-image":"","background-repeat":"repeat","background-position":"center center","background-size":"auto","background-attachment":"scroll","background-type":"","background-media":"","overlay-type":"","overlay-color":"","overlay-opacity":"","overlay-gradient":""},"mobile":{"background-color":"","background-image":"","background-repeat":"repeat","background-position":"center center","background-size":"auto","background-attachment":"scroll","background-type":"","background-media":"","overlay-type":"","overlay-color":"","overlay-opacity":"","overlay-gradient":""}},"ast-content-background-meta":{"desktop":{"background-color":"var(--ast-global-color-5)","background-image":"","background-repeat":"repeat","background-position":"center center","background-size":"auto","background-attachment":"scroll","background-type":"","background-media":"","overlay-type":"","overlay-color":"","overlay-opacity":"","overlay-gradient":""},"tablet":{"background-color":"var(--ast-global-color-5)","background-image":"","background-repeat":"repeat","background-position":"center center","background-size":"auto","background-attachment":"scroll","background-type":"","background-media":"","overlay-type":"","overlay-color":"","overlay-opacity":"","overlay-gradient":""},"mobile":{"background-color":"var(--ast-global-color-5)","background-image":"","background-repeat":"repeat","background-position":"center center","background-size":"auto","background-attachment":"scroll","background-type":"","background-media":"","overlay-type":"","overlay-color":"","overlay-opacity":"","overlay-gradient":""}}},"product_brand":[],"product_cat":[176,50,118],"product_tag":[],"class_list":{"0":"post-4724","1":"product","2":"type-product","3":"status-publish","4":"has-post-thumbnail","6":"product_cat-kaledines-dovanos","7":"product_cat-kiti-produktai","8":"product_cat-ranksluosciai","9":"desktop-align-left","10":"tablet-align-left","11":"mobile-align-left","13":"first","14":"instock","15":"taxable","16":"shipping-taxable","17":"purchasable","18":"product-type-variable"},"aioseo_notices":[],"_links":{"self":[{"href":"https:\/\/www.drykst.lt\/index.php\/wp-json\/wp\/v2\/product\/4724","targetHints":{"allow":["GET"]}}],"collection":[{"href":"https:\/\/www.drykst.lt\/index.php\/wp-json\/wp\/v2\/product"}],"about":[{"href":"https:\/\/www.drykst.lt\/index.php\/wp-json\/wp\/v2\/types\/product"}],"replies":[{"embeddable":true,"href":"https:\/\/www.drykst.lt\/index.php\/wp-json\/wp\/v2\/comments?post=4724"}],"wp:featuredmedia":[{"embeddable":true,"href":"https:\/\/www.drykst.lt\/index.php\/wp-json\/wp\/v2\/media\/4740"}],"wp:attachment":[{"href":"https:\/\/www.drykst.lt\/index.php\/wp-json\/wp\/v2\/media?parent=4724"}],"wp:term":[{"taxonomy":"product_brand","embeddable":true,"href":"https:\/\/www.drykst.lt\/index.php\/wp-json\/wp\/v2\/product_brand?post=4724"},{"taxonomy":"product_cat","embeddable":true,"href":"https:\/\/www.drykst.lt\/index.php\/wp-json\/wp\/v2\/product_cat?post=4724"},{"taxonomy":"product_tag","embeddable":true,"href":"https:\/\/www.drykst.lt\/index.php\/wp-json\/wp\/v2\/product_tag?post=4724"}],"curies":[{"name":"wp","href":"https:\/\/api.w.org\/{rel}","templated":true}]}}