{"id":4872,"date":"2022-01-25T10:49:22","date_gmt":"2022-01-25T10:49:22","guid":{"rendered":"https:\/\/www.drykst.lt\/?post_type=product&#038;p=4872"},"modified":"2023-01-25T11:08:15","modified_gmt":"2023-01-25T11:08:15","slug":"puodeliu-rinkinys","status":"publish","type":"product","link":"https:\/\/www.drykst.lt\/index.php\/produktas\/puodeliu-rinkinys\/","title":{"rendered":"Puodeli\u0173 rinkinys porai"},"content":{"rendered":"<h4>Keramikini\u0173 puodeli\u0173 rinkinys porai. Rinkin\u012f sudaro 2 puodeliai.<\/h4>\n<h4><\/h4>\n<p>Puodeliai gali b\u016bti baltu arba juodu vidumi.<\/p>\n<p><span class=\"d2edcug0 hpfvmrgz qv66sw1b c1et5uql lr9zc1uh a8c37x1j keod5gw0 nxhoafnm aigsh9s9 d3f4x2em fe6kdd0r mau55g9w c8b282yb iv3no6db jq4qci2q a3bd9o3v b1v8xokw oo9gr5id\" dir=\"auto\">Talpa &#8211; 350ml, dydis 9,5&#215;8,5 cm.<\/span><\/p>\n<p><span class=\"d2edcug0 hpfvmrgz qv66sw1b c1et5uql lr9zc1uh a8c37x1j keod5gw0 nxhoafnm aigsh9s9 d3f4x2em fe6kdd0r mau55g9w c8b282yb iv3no6db jq4qci2q a3bd9o3v b1v8xokw oo9gr5id\" dir=\"auto\">U\u017era\u0161ai atsikartoja abejose puodeli\u0173 pus\u0117se.<br \/>\n<\/span><\/p>\n<p>Vienoje puodelio pus\u0117je galima d\u0117ti j\u016bs\u0173 pageidaujam\u0105 nuotrauk\u0105. Nuotrauk\u0105 gal\u0117site \u012fkelti apmok\u0117jimo \u017eingsnyje.<br \/>\n<span class=\"d2edcug0 hpfvmrgz qv66sw1b c1et5uql lr9zc1uh a8c37x1j keod5gw0 nxhoafnm aigsh9s9 d3f4x2em fe6kdd0r mau55g9w c8b282yb iv3no6db jq4qci2q a3bd9o3v b1v8xokw oo9gr5id\" dir=\"auto\">Maksimalus nuotraukos auk\u0161tis ant puodelio &#8211; 9 cm.<\/span><\/p>\n<p>P.s. ne\u012fk\u0117lus nuotraukos, puodelius pagaminsime su u\u017era\u0161ais, matomais nuotraukoje.<\/p>\n<p>U\u017e papildom\u0105 1,50 EUR mokest\u012f puodelius supakuosime \u012f dovan\u0173 d\u0117\u017eut\u0119.<\/p>\n<p><em>D\u0117l individuali\u0173 dizain\u0173 mielai laukiame j\u016bs\u0173 u\u017eklaus\u0173:<\/em><br \/>\ntelefonu +37067480523<br \/>\nel. pa\u0161tu info@drykst.lt<br \/>\nFacebook &#8211; <a href=\"https:\/\/www.facebook.com\/drykst.lt\">https:\/\/www.facebook.com\/drykst.lt<\/a> \ud83d\ude42<\/p>\n","protected":false},"excerpt":{"rendered":"<p>Keramikini\u0173 puodeli\u0173 rinkinys porai. Rinkin\u012f sudaro 2 puodeliai. Puodeliai gali b\u016bti baltu arba juodu vidumi. Talpa &#8211; 350ml, dydis 9,5&#215;8,5 cm. U\u017era\u0161ai atsikartoja abejose puodeli\u0173 pus\u0117se. Vienoje puodelio pus\u0117je galima d\u0117ti j\u016bs\u0173 pageidaujam\u0105 nuotrauk\u0105. Nuotrauk\u0105 gal\u0117site \u012fkelti apmok\u0117jimo \u017eingsnyje. Maksimalus nuotraukos auk\u0161tis ant puodelio &#8211; 9 cm. P.s. ne\u012fk\u0117lus nuotraukos, puodelius pagaminsime su u\u017era\u0161ais, matomais [&hellip;]<\/p>\n","protected":false},"featured_media":4881,"comment_status":"open","ping_status":"closed","template":"","meta":{"site-sidebar-layout":"default","site-content-layout":"default","ast-site-content-layout":"","site-content-style":"default","site-sidebar-style":"default","ast-global-header-display":"","ast-banner-title-visibility":"","ast-main-header-display":"","ast-hfb-above-header-display":"","ast-hfb-below-header-display":"","ast-hfb-mobile-header-display":"","site-post-title":"","ast-breadcrumbs-content":"","ast-featured-img":"","footer-sml-layout":"","theme-transparent-header-meta":"default","adv-header-id-meta":"","stick-header-meta":"","header-above-stick-meta":"","header-main-stick-meta":"","header-below-stick-meta":"","astra-migrate-meta-layouts":"default","ast-page-background-enabled":"default","ast-page-background-meta":{"desktop":{"background-color":"","background-image":"","background-repeat":"repeat","background-position":"center center","background-size":"auto","background-attachment":"scroll","background-type":"","background-media":"","overlay-type":"","overlay-color":"","overlay-opacity":"","overlay-gradient":""},"tablet":{"background-color":"","background-image":"","background-repeat":"repeat","background-position":"center center","background-size":"auto","background-attachment":"scroll","background-type":"","background-media":"","overlay-type":"","overlay-color":"","overlay-opacity":"","overlay-gradient":""},"mobile":{"background-color":"","background-image":"","background-repeat":"repeat","background-position":"center center","background-size":"auto","background-attachment":"scroll","background-type":"","background-media":"","overlay-type":"","overlay-color":"","overlay-opacity":"","overlay-gradient":""}},"ast-content-background-meta":{"desktop":{"background-color":"var(--ast-global-color-5)","background-image":"","background-repeat":"repeat","background-position":"center center","background-size":"auto","background-attachment":"scroll","background-type":"","background-media":"","overlay-type":"","overlay-color":"","overlay-opacity":"","overlay-gradient":""},"tablet":{"background-color":"var(--ast-global-color-5)","background-image":"","background-repeat":"repeat","background-position":"center center","background-size":"auto","background-attachment":"scroll","background-type":"","background-media":"","overlay-type":"","overlay-color":"","overlay-opacity":"","overlay-gradient":""},"mobile":{"background-color":"var(--ast-global-color-5)","background-image":"","background-repeat":"repeat","background-position":"center center","background-size":"auto","background-attachment":"scroll","background-type":"","background-media":"","overlay-type":"","overlay-color":"","overlay-opacity":"","overlay-gradient":""}}},"product_brand":[],"product_cat":[183,50,26,184],"product_tag":[],"class_list":{"0":"post-4872","1":"product","2":"type-product","3":"status-publish","4":"has-post-thumbnail","6":"product_cat-dovanos","7":"product_cat-kiti-produktai","8":"product_cat-puodeliai","9":"product_cat-valentino-dienai","10":"desktop-align-left","11":"tablet-align-left","12":"mobile-align-left","14":"first","15":"onbackorder","16":"taxable","17":"shipping-taxable","18":"purchasable","19":"product-type-variable"},"aioseo_notices":[],"_links":{"self":[{"href":"https:\/\/www.drykst.lt\/index.php\/wp-json\/wp\/v2\/product\/4872","targetHints":{"allow":["GET"]}}],"collection":[{"href":"https:\/\/www.drykst.lt\/index.php\/wp-json\/wp\/v2\/product"}],"about":[{"href":"https:\/\/www.drykst.lt\/index.php\/wp-json\/wp\/v2\/types\/product"}],"replies":[{"embeddable":true,"href":"https:\/\/www.drykst.lt\/index.php\/wp-json\/wp\/v2\/comments?post=4872"}],"wp:featuredmedia":[{"embeddable":true,"href":"https:\/\/www.drykst.lt\/index.php\/wp-json\/wp\/v2\/media\/4881"}],"wp:attachment":[{"href":"https:\/\/www.drykst.lt\/index.php\/wp-json\/wp\/v2\/media?parent=4872"}],"wp:term":[{"taxonomy":"product_brand","embeddable":true,"href":"https:\/\/www.drykst.lt\/index.php\/wp-json\/wp\/v2\/product_brand?post=4872"},{"taxonomy":"product_cat","embeddable":true,"href":"https:\/\/www.drykst.lt\/index.php\/wp-json\/wp\/v2\/product_cat?post=4872"},{"taxonomy":"product_tag","embeddable":true,"href":"https:\/\/www.drykst.lt\/index.php\/wp-json\/wp\/v2\/product_tag?post=4872"}],"curies":[{"name":"wp","href":"https:\/\/api.w.org\/{rel}","templated":true}]}}