{"id":5425,"date":"2022-05-16T08:59:16","date_gmt":"2022-05-16T08:59:16","guid":{"rendered":"https:\/\/www.drykst.lt\/?post_type=product&#038;p=5425"},"modified":"2024-07-16T14:34:37","modified_gmt":"2024-07-16T14:34:37","slug":"moteriski-marskineliai-4","status":"publish","type":"product","link":"https:\/\/www.drykst.lt\/index.php\/produktas\/moteriski-marskineliai-4\/","title":{"rendered":"Moteri\u0161ki mar\u0161kin\u0117liai &#8222;Russkij korabl, idi nx&#8221;"},"content":{"rendered":"<p>Trikota\u017einiai mar\u0161kin\u0117liai moterims su u\u017era\u0161u &#8222;Russkij korabl, idi nachuj&#8221;.<\/p>\n<p>Mar\u0161kin\u0117liai patog\u016bs ir nevar\u017eantys judesi\u0173.<\/p>\n<p>Trumpos rankov\u0117s, apvali apykakl\u0117.<\/p>\n<p>Gramat\u016bra &#8211; 190g\/m2.<\/p>\n<p>Sud\u0117tis &#8211; 100% medviln\u0117.<\/p>\n<p>Galima spauda priekyje ir gale.<\/p>\n<p><em>D\u0117l individuali\u0173 dizain\u0173 mielai laukiame j\u016bs\u0173 u\u017eklaus\u0173:<\/em><br \/>\ntelefonu +37067480523<br \/>\nel. pa\u0161tu info@drykst.lt<br \/>\nFacebook \u2013 <a href=\"https:\/\/www.facebook.com\/drykst.lt\">https:\/\/www.facebook.com\/drykst.lt <\/a>\ud83d\ude42<\/p>\n","protected":false},"excerpt":{"rendered":"<p>Trikota\u017einiai mar\u0161kin\u0117liai moterims su u\u017era\u0161u &#8222;Russkij korabl, idi nachuj&#8221;. Mar\u0161kin\u0117liai patog\u016bs ir nevar\u017eantys judesi\u0173. Trumpos rankov\u0117s, apvali apykakl\u0117. Gramat\u016bra &#8211; 190g\/m2. Sud\u0117tis &#8211; 100% medviln\u0117. Galima spauda priekyje ir gale. D\u0117l individuali\u0173 dizain\u0173 mielai laukiame j\u016bs\u0173 u\u017eklaus\u0173: telefonu +37067480523 el. pa\u0161tu info@drykst.lt Facebook \u2013 https:\/\/www.facebook.com\/drykst.lt \ud83d\ude42<\/p>\n","protected":false},"featured_media":5186,"comment_status":"open","ping_status":"closed","template":"","meta":{"site-sidebar-layout":"default","site-content-layout":"default","ast-site-content-layout":"","site-content-style":"default","site-sidebar-style":"default","ast-global-header-display":"","ast-banner-title-visibility":"","ast-main-header-display":"","ast-hfb-above-header-display":"","ast-hfb-below-header-display":"","ast-hfb-mobile-header-display":"","site-post-title":"","ast-breadcrumbs-content":"","ast-featured-img":"","footer-sml-layout":"","theme-transparent-header-meta":"default","adv-header-id-meta":"","stick-header-meta":"","header-above-stick-meta":"","header-main-stick-meta":"","header-below-stick-meta":"","astra-migrate-meta-layouts":"default","ast-page-background-enabled":"default","ast-page-background-meta":{"desktop":{"background-color":"","background-image":"","background-repeat":"repeat","background-position":"center center","background-size":"auto","background-attachment":"scroll","background-type":"","background-media":"","overlay-type":"","overlay-color":"","overlay-opacity":"","overlay-gradient":""},"tablet":{"background-color":"","background-image":"","background-repeat":"repeat","background-position":"center center","background-size":"auto","background-attachment":"scroll","background-type":"","background-media":"","overlay-type":"","overlay-color":"","overlay-opacity":"","overlay-gradient":""},"mobile":{"background-color":"","background-image":"","background-repeat":"repeat","background-position":"center center","background-size":"auto","background-attachment":"scroll","background-type":"","background-media":"","overlay-type":"","overlay-color":"","overlay-opacity":"","overlay-gradient":""}},"ast-content-background-meta":{"desktop":{"background-color":"var(--ast-global-color-5)","background-image":"","background-repeat":"repeat","background-position":"center center","background-size":"auto","background-attachment":"scroll","background-type":"","background-media":"","overlay-type":"","overlay-color":"","overlay-opacity":"","overlay-gradient":""},"tablet":{"background-color":"var(--ast-global-color-5)","background-image":"","background-repeat":"repeat","background-position":"center center","background-size":"auto","background-attachment":"scroll","background-type":"","background-media":"","overlay-type":"","overlay-color":"","overlay-opacity":"","overlay-gradient":""},"mobile":{"background-color":"var(--ast-global-color-5)","background-image":"","background-repeat":"repeat","background-position":"center center","background-size":"auto","background-attachment":"scroll","background-type":"","background-media":"","overlay-type":"","overlay-color":"","overlay-opacity":"","overlay-gradient":""}}},"product_brand":[],"product_cat":[130,49,134],"product_tag":[],"class_list":{"0":"post-5425","1":"product","2":"type-product","3":"status-publish","4":"has-post-thumbnail","6":"product_cat-apranga","7":"product_cat-marskineliai","8":"product_cat-moterims","9":"desktop-align-left","10":"tablet-align-left","11":"mobile-align-left","13":"first","14":"onbackorder","15":"taxable","16":"shipping-taxable","17":"purchasable","18":"product-type-variable","19":"has-default-attributes"},"aioseo_notices":[],"_links":{"self":[{"href":"https:\/\/www.drykst.lt\/index.php\/wp-json\/wp\/v2\/product\/5425","targetHints":{"allow":["GET"]}}],"collection":[{"href":"https:\/\/www.drykst.lt\/index.php\/wp-json\/wp\/v2\/product"}],"about":[{"href":"https:\/\/www.drykst.lt\/index.php\/wp-json\/wp\/v2\/types\/product"}],"replies":[{"embeddable":true,"href":"https:\/\/www.drykst.lt\/index.php\/wp-json\/wp\/v2\/comments?post=5425"}],"wp:featuredmedia":[{"embeddable":true,"href":"https:\/\/www.drykst.lt\/index.php\/wp-json\/wp\/v2\/media\/5186"}],"wp:attachment":[{"href":"https:\/\/www.drykst.lt\/index.php\/wp-json\/wp\/v2\/media?parent=5425"}],"wp:term":[{"taxonomy":"product_brand","embeddable":true,"href":"https:\/\/www.drykst.lt\/index.php\/wp-json\/wp\/v2\/product_brand?post=5425"},{"taxonomy":"product_cat","embeddable":true,"href":"https:\/\/www.drykst.lt\/index.php\/wp-json\/wp\/v2\/product_cat?post=5425"},{"taxonomy":"product_tag","embeddable":true,"href":"https:\/\/www.drykst.lt\/index.php\/wp-json\/wp\/v2\/product_tag?post=5425"}],"curies":[{"name":"wp","href":"https:\/\/api.w.org\/{rel}","templated":true}]}}