{"id":6480,"date":"2022-05-22T13:33:09","date_gmt":"2022-05-22T13:33:09","guid":{"rendered":"https:\/\/www.drykst.lt\/?post_type=product&#038;p=6480"},"modified":"2025-07-30T08:13:31","modified_gmt":"2025-07-30T08:13:31","slug":"vardinis-antsiuvas-chaki","status":"publish","type":"product","link":"https:\/\/www.drykst.lt\/index.php\/produktas\/vardinis-antsiuvas-chaki\/","title":{"rendered":"Vardinis antsiuvas (chaki, juodas apvadas)"},"content":{"rendered":"<p>Siuvin\u0117tas vardinis<b> <\/b>antsiuvas 2,5&#215;12,5 cm\u00a0 chaki fone, juodu kra\u0161to apm\u0117tymu.<br \/>\n&#8211; Antsiuvas pastiprintas specialia med\u017eiaga, prailginan\u010dia jo patvarum\u0105.<br \/>\n&#8211; Antsiuvas yra prisi\u016btas prie kontaktin\u0117s juostos (VELCRO)<br \/>\n&#8211; Pakeisti antsiuvo dyd\u012f, spalv\u0105 ar dizain\u0105 ra\u0161ykite lai\u0161k\u0105 arba susisiekite per facebook.<br \/>\n&#8211; Antsiuv\u0105 gamina drykst.lt<\/p>\n<p><strong>Individuali\u0173 u\u017esakym\u0173 gamybos terminas &#8211; 3-4 savait\u0117s.<\/strong><\/p>\n<p><em>D\u0117l individuali\u0173 dizain\u0173 mielai laukiame j\u016bs\u0173 u\u017eklaus\u0173:<\/em><br \/>\ntelefonu +37067480523<br \/>\nel. pa\u0161tu info@drykst.lt<br \/>\nFacebook \u2013 <a href=\"https:\/\/www.facebook.com\/drykst.lt\">https:\/\/www.facebook.com\/drykst.lt <\/a>\ud83d\ude42<\/p>\n","protected":false},"excerpt":{"rendered":"<p>Siuvin\u0117tas vardinis antsiuvas 2,5&#215;12,5 cm\u00a0 chaki fone, juodu kra\u0161to apm\u0117tymu. &#8211; Antsiuvas pastiprintas specialia med\u017eiaga, prailginan\u010dia jo patvarum\u0105. &#8211; Antsiuvas yra prisi\u016btas prie kontaktin\u0117s juostos (VELCRO) &#8211; Pakeisti antsiuvo dyd\u012f, spalv\u0105 ar dizain\u0105 ra\u0161ykite lai\u0161k\u0105 arba susisiekite per facebook. &#8211; Antsiuv\u0105 gamina drykst.lt Individuali\u0173 u\u017esakym\u0173 gamybos terminas &#8211; 3-4 savait\u0117s. D\u0117l individuali\u0173 dizain\u0173 mielai laukiame [&hellip;]<\/p>\n","protected":false},"featured_media":6474,"comment_status":"open","ping_status":"closed","template":"","meta":{"site-sidebar-layout":"default","site-content-layout":"default","ast-site-content-layout":"default","site-content-style":"default","site-sidebar-style":"default","ast-global-header-display":"","ast-banner-title-visibility":"","ast-main-header-display":"","ast-hfb-above-header-display":"","ast-hfb-below-header-display":"","ast-hfb-mobile-header-display":"","site-post-title":"","ast-breadcrumbs-content":"","ast-featured-img":"","footer-sml-layout":"","theme-transparent-header-meta":"default","adv-header-id-meta":"","stick-header-meta":"","header-above-stick-meta":"","header-main-stick-meta":"","header-below-stick-meta":"","astra-migrate-meta-layouts":"set","ast-page-background-enabled":"default","ast-page-background-meta":{"desktop":{"background-color":"","background-image":"","background-repeat":"repeat","background-position":"center center","background-size":"auto","background-attachment":"scroll","background-type":"","background-media":"","overlay-type":"","overlay-color":"","overlay-opacity":"","overlay-gradient":""},"tablet":{"background-color":"","background-image":"","background-repeat":"repeat","background-position":"center center","background-size":"auto","background-attachment":"scroll","background-type":"","background-media":"","overlay-type":"","overlay-color":"","overlay-opacity":"","overlay-gradient":""},"mobile":{"background-color":"","background-image":"","background-repeat":"repeat","background-position":"center center","background-size":"auto","background-attachment":"scroll","background-type":"","background-media":"","overlay-type":"","overlay-color":"","overlay-opacity":"","overlay-gradient":""}},"ast-content-background-meta":{"desktop":{"background-color":"var(--ast-global-color-5)","background-image":"","background-repeat":"repeat","background-position":"center center","background-size":"auto","background-attachment":"scroll","background-type":"","background-media":"","overlay-type":"","overlay-color":"","overlay-opacity":"","overlay-gradient":""},"tablet":{"background-color":"var(--ast-global-color-5)","background-image":"","background-repeat":"repeat","background-position":"center center","background-size":"auto","background-attachment":"scroll","background-type":"","background-media":"","overlay-type":"","overlay-color":"","overlay-opacity":"","overlay-gradient":""},"mobile":{"background-color":"var(--ast-global-color-5)","background-image":"","background-repeat":"repeat","background-position":"center center","background-size":"auto","background-attachment":"scroll","background-type":"","background-media":"","overlay-type":"","overlay-color":"","overlay-opacity":"","overlay-gradient":""}}},"product_brand":[],"product_cat":[48,189],"product_tag":[],"class_list":{"0":"post-6480","1":"product","2":"type-product","3":"status-publish","4":"has-post-thumbnail","6":"product_cat-antsiuvai","7":"product_cat-vardiniai","8":"desktop-align-left","9":"tablet-align-left","10":"mobile-align-left","12":"first","13":"onbackorder","14":"taxable","15":"shipping-taxable","16":"purchasable","17":"product-type-simple"},"aioseo_notices":[],"_links":{"self":[{"href":"https:\/\/www.drykst.lt\/index.php\/wp-json\/wp\/v2\/product\/6480","targetHints":{"allow":["GET"]}}],"collection":[{"href":"https:\/\/www.drykst.lt\/index.php\/wp-json\/wp\/v2\/product"}],"about":[{"href":"https:\/\/www.drykst.lt\/index.php\/wp-json\/wp\/v2\/types\/product"}],"replies":[{"embeddable":true,"href":"https:\/\/www.drykst.lt\/index.php\/wp-json\/wp\/v2\/comments?post=6480"}],"wp:featuredmedia":[{"embeddable":true,"href":"https:\/\/www.drykst.lt\/index.php\/wp-json\/wp\/v2\/media\/6474"}],"wp:attachment":[{"href":"https:\/\/www.drykst.lt\/index.php\/wp-json\/wp\/v2\/media?parent=6480"}],"wp:term":[{"taxonomy":"product_brand","embeddable":true,"href":"https:\/\/www.drykst.lt\/index.php\/wp-json\/wp\/v2\/product_brand?post=6480"},{"taxonomy":"product_cat","embeddable":true,"href":"https:\/\/www.drykst.lt\/index.php\/wp-json\/wp\/v2\/product_cat?post=6480"},{"taxonomy":"product_tag","embeddable":true,"href":"https:\/\/www.drykst.lt\/index.php\/wp-json\/wp\/v2\/product_tag?post=6480"}],"curies":[{"name":"wp","href":"https:\/\/api.w.org\/{rel}","templated":true}]}}