{"id":9674,"date":"2025-04-07T13:07:55","date_gmt":"2025-04-07T13:07:55","guid":{"rendered":"https:\/\/www.drykst.lt\/?post_type=product&#038;p=9674"},"modified":"2025-09-15T06:55:00","modified_gmt":"2025-09-15T06:55:00","slug":"jonavos-diskgolfo-klubo-double-bogey-dzemperis","status":"publish","type":"product","link":"https:\/\/www.drykst.lt\/index.php\/produktas\/jonavos-diskgolfo-klubo-double-bogey-dzemperis\/","title":{"rendered":"Jonavos diskgolfo klubo &#8222;Double Bogey&#8221; d\u017eemperis"},"content":{"rendered":"<h3 class=\"\" data-start=\"41\" data-end=\"76\">Vyri\u0161kas d\u017eemperis su gobtuvu<\/h3>\n<p class=\"\" data-start=\"77\" data-end=\"91\">Dyd\u017eiai: S\u20135XL<\/p>\n<ul data-start=\"93\" data-end=\"437\">\n<li class=\"\" data-start=\"93\" data-end=\"133\">\n<p class=\"\" data-start=\"95\" data-end=\"133\">French terry audinys su \u0161ukuotu p\u016bkeliu i\u0161 vidaus<\/p>\n<\/li>\n<li class=\"\" data-start=\"134\" data-end=\"169\">\n<p class=\"\" data-start=\"136\" data-end=\"169\">65 % medviln\u0117, 35 % poliesteris<\/p>\n<\/li>\n<li class=\"\" data-start=\"171\" data-end=\"212\">\n<p class=\"\" data-start=\"173\" data-end=\"212\">Tiesus kirpimas su \u0161oniniais si\u016bl\u0117mis<\/p>\n<\/li>\n<li class=\"\" data-start=\"213\" data-end=\"263\">\n<p class=\"\" data-start=\"215\" data-end=\"263\">Gobtuvas su pamu\u0161alu ir reguliuojamais rai\u0161teliais<\/p>\n<\/li>\n<li class=\"\" data-start=\"309\" data-end=\"344\">\n<p class=\"\" data-start=\"311\" data-end=\"344\">Priekis su keng\u016bros tipo ki\u0161ene<\/p>\n<\/li>\n<li class=\"\" data-start=\"345\" data-end=\"409\">\n<p class=\"\" data-start=\"347\" data-end=\"409\">Apa\u010dia ir rankogaliai su tampriais rankogaliais<\/p>\n<\/li>\n<li class=\"\" data-start=\"345\" data-end=\"409\">\n<p class=\"\" data-start=\"347\" data-end=\"409\">Med\u017eiagos storis 320 g\/m\u00b2<\/p>\n<\/li>\n<\/ul>\n","protected":false},"excerpt":{"rendered":"<p>Vyri\u0161kas d\u017eemperis su gobtuvu Dyd\u017eiai: S\u20135XL French terry audinys su \u0161ukuotu p\u016bkeliu i\u0161 vidaus 65 % medviln\u0117, 35 % poliesteris Tiesus kirpimas su \u0161oniniais si\u016bl\u0117mis Gobtuvas su pamu\u0161alu ir reguliuojamais rai\u0161teliais Priekis su keng\u016bros tipo ki\u0161ene Apa\u010dia ir rankogaliai su tampriais rankogaliais Med\u017eiagos storis 320 g\/m\u00b2<\/p>\n","protected":false},"featured_media":9676,"comment_status":"open","ping_status":"closed","template":"","meta":{"site-sidebar-layout":"default","site-content-layout":"","ast-site-content-layout":"default","site-content-style":"default","site-sidebar-style":"default","ast-global-header-display":"","ast-banner-title-visibility":"","ast-main-header-display":"","ast-hfb-above-header-display":"","ast-hfb-below-header-display":"","ast-hfb-mobile-header-display":"","site-post-title":"","ast-breadcrumbs-content":"","ast-featured-img":"","footer-sml-layout":"","theme-transparent-header-meta":"default","adv-header-id-meta":"","stick-header-meta":"","header-above-stick-meta":"","header-main-stick-meta":"","header-below-stick-meta":"","astra-migrate-meta-layouts":"set","ast-page-background-enabled":"default","ast-page-background-meta":{"desktop":{"background-color":"","background-image":"","background-repeat":"repeat","background-position":"center center","background-size":"auto","background-attachment":"scroll","background-type":"","background-media":"","overlay-type":"","overlay-color":"","overlay-opacity":"","overlay-gradient":""},"tablet":{"background-color":"","background-image":"","background-repeat":"repeat","background-position":"center center","background-size":"auto","background-attachment":"scroll","background-type":"","background-media":"","overlay-type":"","overlay-color":"","overlay-opacity":"","overlay-gradient":""},"mobile":{"background-color":"","background-image":"","background-repeat":"repeat","background-position":"center center","background-size":"auto","background-attachment":"scroll","background-type":"","background-media":"","overlay-type":"","overlay-color":"","overlay-opacity":"","overlay-gradient":""}},"ast-content-background-meta":{"desktop":{"background-color":"var(--ast-global-color-5)","background-image":"","background-repeat":"repeat","background-position":"center center","background-size":"auto","background-attachment":"scroll","background-type":"","background-media":"","overlay-type":"","overlay-color":"","overlay-opacity":"","overlay-gradient":""},"tablet":{"background-color":"var(--ast-global-color-5)","background-image":"","background-repeat":"repeat","background-position":"center center","background-size":"auto","background-attachment":"scroll","background-type":"","background-media":"","overlay-type":"","overlay-color":"","overlay-opacity":"","overlay-gradient":""},"mobile":{"background-color":"var(--ast-global-color-5)","background-image":"","background-repeat":"repeat","background-position":"center center","background-size":"auto","background-attachment":"scroll","background-type":"","background-media":"","overlay-type":"","overlay-color":"","overlay-opacity":"","overlay-gradient":""}}},"product_brand":[],"product_cat":[216,50],"product_tag":[],"class_list":{"0":"post-9674","1":"product","2":"type-product","3":"status-publish","4":"has-post-thumbnail","6":"product_cat-double-bogey-klubas","7":"product_cat-kiti-produktai","8":"desktop-align-left","9":"tablet-align-left","10":"mobile-align-left","12":"first","13":"onbackorder","14":"taxable","15":"shipping-taxable","16":"purchasable","17":"product-type-variable"},"aioseo_notices":[],"_links":{"self":[{"href":"https:\/\/www.drykst.lt\/index.php\/wp-json\/wp\/v2\/product\/9674","targetHints":{"allow":["GET"]}}],"collection":[{"href":"https:\/\/www.drykst.lt\/index.php\/wp-json\/wp\/v2\/product"}],"about":[{"href":"https:\/\/www.drykst.lt\/index.php\/wp-json\/wp\/v2\/types\/product"}],"replies":[{"embeddable":true,"href":"https:\/\/www.drykst.lt\/index.php\/wp-json\/wp\/v2\/comments?post=9674"}],"wp:featuredmedia":[{"embeddable":true,"href":"https:\/\/www.drykst.lt\/index.php\/wp-json\/wp\/v2\/media\/9676"}],"wp:attachment":[{"href":"https:\/\/www.drykst.lt\/index.php\/wp-json\/wp\/v2\/media?parent=9674"}],"wp:term":[{"taxonomy":"product_brand","embeddable":true,"href":"https:\/\/www.drykst.lt\/index.php\/wp-json\/wp\/v2\/product_brand?post=9674"},{"taxonomy":"product_cat","embeddable":true,"href":"https:\/\/www.drykst.lt\/index.php\/wp-json\/wp\/v2\/product_cat?post=9674"},{"taxonomy":"product_tag","embeddable":true,"href":"https:\/\/www.drykst.lt\/index.php\/wp-json\/wp\/v2\/product_tag?post=9674"}],"curies":[{"name":"wp","href":"https:\/\/api.w.org\/{rel}","templated":true}]}}