{"id":9693,"date":"2025-04-07T14:33:13","date_gmt":"2025-04-07T14:33:13","guid":{"rendered":"https:\/\/www.drykst.lt\/?post_type=product&#038;p=9693"},"modified":"2025-04-07T19:09:45","modified_gmt":"2025-04-07T19:09:45","slug":"jonavos-diskgolfo-klubo-double-bogey-marskineliai","status":"publish","type":"product","link":"https:\/\/www.drykst.lt\/index.php\/produktas\/jonavos-diskgolfo-klubo-double-bogey-marskineliai\/","title":{"rendered":"Jonavos diskgolfo klubo &#8222;Double Bogey&#8221; mar\u0161kin\u0117liai"},"content":{"rendered":"<h3 class=\"\" data-start=\"66\" data-end=\"91\">Mar\u0161kin\u0117liai<\/h3>\n<p class=\"\" data-start=\"92\" data-end=\"106\">Dyd\u017eiai: S\u20132XL<\/p>\n<ul data-start=\"108\" data-end=\"594\">\n<li class=\"\" data-start=\"108\" data-end=\"198\">\n<p class=\"\" data-start=\"110\" data-end=\"198\">100 % medviln\u0117<\/p>\n<\/li>\n<li class=\"\" data-start=\"261\" data-end=\"314\">\n<p class=\"\" data-start=\"263\" data-end=\"314\">Oversize (laisvas) kirpimas su \u0161onin\u0117mis si\u016bl\u0117mis<\/p>\n<\/li>\n<li class=\"\" data-start=\"368\" data-end=\"419\">\n<p class=\"\" data-start=\"370\" data-end=\"419\">Tamprus apykakl\u0117s kra\u0161telis su 5 % elastano<\/p>\n<\/li>\n<li class=\"\" data-start=\"465\" data-end=\"494\">\n<p class=\"\" data-start=\"467\" data-end=\"494\">Sustiprintos pe\u010di\u0173 si\u016bl\u0117s<\/p>\n<\/li>\n<li class=\"\" data-start=\"495\" data-end=\"529\">\n<p class=\"\" data-start=\"497\" data-end=\"529\">Prailgintos rankov\u0117s<\/p>\n<\/li>\n<li data-start=\"495\" data-end=\"529\">Med\u017eiagos storis 200 g\/m\u00b2<\/li>\n<\/ul>\n","protected":false},"excerpt":{"rendered":"<p>Mar\u0161kin\u0117liai Dyd\u017eiai: S\u20132XL 100 % medviln\u0117 Oversize (laisvas) kirpimas su \u0161onin\u0117mis si\u016bl\u0117mis Tamprus apykakl\u0117s kra\u0161telis su 5 % elastano Sustiprintos pe\u010di\u0173 si\u016bl\u0117s Prailgintos rankov\u0117s Med\u017eiagos storis 200 g\/m\u00b2<\/p>\n","protected":false},"featured_media":9680,"comment_status":"open","ping_status":"closed","template":"","meta":{"site-sidebar-layout":"default","site-content-layout":"","ast-site-content-layout":"default","site-content-style":"default","site-sidebar-style":"default","ast-global-header-display":"","ast-banner-title-visibility":"","ast-main-header-display":"","ast-hfb-above-header-display":"","ast-hfb-below-header-display":"","ast-hfb-mobile-header-display":"","site-post-title":"","ast-breadcrumbs-content":"","ast-featured-img":"","footer-sml-layout":"","theme-transparent-header-meta":"default","adv-header-id-meta":"","stick-header-meta":"","header-above-stick-meta":"","header-main-stick-meta":"","header-below-stick-meta":"","astra-migrate-meta-layouts":"set","ast-page-background-enabled":"default","ast-page-background-meta":{"desktop":{"background-color":"","background-image":"","background-repeat":"repeat","background-position":"center center","background-size":"auto","background-attachment":"scroll","background-type":"","background-media":"","overlay-type":"","overlay-color":"","overlay-opacity":"","overlay-gradient":""},"tablet":{"background-color":"","background-image":"","background-repeat":"repeat","background-position":"center center","background-size":"auto","background-attachment":"scroll","background-type":"","background-media":"","overlay-type":"","overlay-color":"","overlay-opacity":"","overlay-gradient":""},"mobile":{"background-color":"","background-image":"","background-repeat":"repeat","background-position":"center center","background-size":"auto","background-attachment":"scroll","background-type":"","background-media":"","overlay-type":"","overlay-color":"","overlay-opacity":"","overlay-gradient":""}},"ast-content-background-meta":{"desktop":{"background-color":"var(--ast-global-color-5)","background-image":"","background-repeat":"repeat","background-position":"center center","background-size":"auto","background-attachment":"scroll","background-type":"","background-media":"","overlay-type":"","overlay-color":"","overlay-opacity":"","overlay-gradient":""},"tablet":{"background-color":"var(--ast-global-color-5)","background-image":"","background-repeat":"repeat","background-position":"center center","background-size":"auto","background-attachment":"scroll","background-type":"","background-media":"","overlay-type":"","overlay-color":"","overlay-opacity":"","overlay-gradient":""},"mobile":{"background-color":"var(--ast-global-color-5)","background-image":"","background-repeat":"repeat","background-position":"center center","background-size":"auto","background-attachment":"scroll","background-type":"","background-media":"","overlay-type":"","overlay-color":"","overlay-opacity":"","overlay-gradient":""}}},"product_brand":[],"product_cat":[216,50],"product_tag":[],"class_list":{"0":"post-9693","1":"product","2":"type-product","3":"status-publish","4":"has-post-thumbnail","6":"product_cat-double-bogey-klubas","7":"product_cat-kiti-produktai","8":"desktop-align-left","9":"tablet-align-left","10":"mobile-align-left","12":"first","13":"onbackorder","14":"taxable","15":"shipping-taxable","16":"purchasable","17":"product-type-variable"},"aioseo_notices":[],"_links":{"self":[{"href":"https:\/\/www.drykst.lt\/index.php\/wp-json\/wp\/v2\/product\/9693","targetHints":{"allow":["GET"]}}],"collection":[{"href":"https:\/\/www.drykst.lt\/index.php\/wp-json\/wp\/v2\/product"}],"about":[{"href":"https:\/\/www.drykst.lt\/index.php\/wp-json\/wp\/v2\/types\/product"}],"replies":[{"embeddable":true,"href":"https:\/\/www.drykst.lt\/index.php\/wp-json\/wp\/v2\/comments?post=9693"}],"wp:featuredmedia":[{"embeddable":true,"href":"https:\/\/www.drykst.lt\/index.php\/wp-json\/wp\/v2\/media\/9680"}],"wp:attachment":[{"href":"https:\/\/www.drykst.lt\/index.php\/wp-json\/wp\/v2\/media?parent=9693"}],"wp:term":[{"taxonomy":"product_brand","embeddable":true,"href":"https:\/\/www.drykst.lt\/index.php\/wp-json\/wp\/v2\/product_brand?post=9693"},{"taxonomy":"product_cat","embeddable":true,"href":"https:\/\/www.drykst.lt\/index.php\/wp-json\/wp\/v2\/product_cat?post=9693"},{"taxonomy":"product_tag","embeddable":true,"href":"https:\/\/www.drykst.lt\/index.php\/wp-json\/wp\/v2\/product_tag?post=9693"}],"curies":[{"name":"wp","href":"https:\/\/api.w.org\/{rel}","templated":true}]}}