{"id":9701,"date":"2025-04-07T19:10:15","date_gmt":"2025-04-07T19:10:15","guid":{"rendered":"https:\/\/www.drykst.lt\/?post_type=product&#038;p=9701"},"modified":"2025-04-08T08:16:07","modified_gmt":"2025-04-08T08:16:07","slug":"jonavos-diskgolfo-klubo-double-bogey-polo-marskineliai","status":"publish","type":"product","link":"https:\/\/www.drykst.lt\/index.php\/produktas\/jonavos-diskgolfo-klubo-double-bogey-polo-marskineliai\/","title":{"rendered":"Jonavos diskgolfo klubo &#8222;Double Bogey&#8221; polo mar\u0161kin\u0117liai"},"content":{"rendered":"<h3 class=\"\" data-start=\"66\" data-end=\"91\">Polo Mar\u0161kin\u0117liai<\/h3>\n<p class=\"\" data-start=\"92\" data-end=\"106\">Dyd\u017eiai: S\u20133XL<\/p>\n<h3 class=\"\" data-start=\"51\" data-end=\"64\">Sud\u0117tis<\/h3>\n<p class=\"\" data-start=\"65\" data-end=\"127\">65 % poliesteris \u2013 35 % \u201eRingspun\u201c medviln\u0117<\/p>\n<h3 class=\"\" data-start=\"129\" data-end=\"142\">Stilius<\/h3>\n<ul data-start=\"108\" data-end=\"594\">\n<li style=\"list-style-type: none;\">\n<ul data-start=\"143\" data-end=\"421\">\n<li class=\"\" data-start=\"143\" data-end=\"195\">\n<p class=\"\" data-start=\"145\" data-end=\"195\">1&#215;1 tampri med\u017eiaga ant apykakl\u0117s ir rankogali\u0173<\/p>\n<\/li>\n<li class=\"\" data-start=\"196\" data-end=\"234\">\n<p class=\"\" data-start=\"198\" data-end=\"234\">Tvirta apykakl\u0117<\/p>\n<\/li>\n<li class=\"\" data-start=\"304\" data-end=\"333\">\n<p class=\"\" data-start=\"306\" data-end=\"333\">Sustiprintos pe\u010di\u0173 si\u016bl\u0117s<\/p>\n<\/li>\n<li class=\"\" data-start=\"381\" data-end=\"421\">\n<p class=\"\" data-start=\"383\" data-end=\"421\">Atsargin\u0117 saga \u012fsi\u016bta vidin\u0117je si\u016bl\u0117je<\/p>\n<\/li>\n<\/ul>\n<\/li>\n<li data-start=\"495\" data-end=\"529\">Med\u017eiagos storis 200 g\/m\u00b2<\/li>\n<\/ul>\n","protected":false},"excerpt":{"rendered":"<p>Polo Mar\u0161kin\u0117liai Dyd\u017eiai: S\u20133XL Sud\u0117tis 65 % poliesteris \u2013 35 % \u201eRingspun\u201c medviln\u0117 Stilius 1&#215;1 tampri med\u017eiaga ant apykakl\u0117s ir rankogali\u0173 Tvirta apykakl\u0117 Sustiprintos pe\u010di\u0173 si\u016bl\u0117s Atsargin\u0117 saga \u012fsi\u016bta vidin\u0117je si\u016bl\u0117je Med\u017eiagos storis 200 g\/m\u00b2<\/p>\n","protected":false},"featured_media":9709,"comment_status":"open","ping_status":"closed","template":"","meta":{"site-sidebar-layout":"default","site-content-layout":"","ast-site-content-layout":"default","site-content-style":"default","site-sidebar-style":"default","ast-global-header-display":"","ast-banner-title-visibility":"","ast-main-header-display":"","ast-hfb-above-header-display":"","ast-hfb-below-header-display":"","ast-hfb-mobile-header-display":"","site-post-title":"","ast-breadcrumbs-content":"","ast-featured-img":"","footer-sml-layout":"","theme-transparent-header-meta":"default","adv-header-id-meta":"","stick-header-meta":"","header-above-stick-meta":"","header-main-stick-meta":"","header-below-stick-meta":"","astra-migrate-meta-layouts":"set","ast-page-background-enabled":"default","ast-page-background-meta":{"desktop":{"background-color":"","background-image":"","background-repeat":"repeat","background-position":"center center","background-size":"auto","background-attachment":"scroll","background-type":"","background-media":"","overlay-type":"","overlay-color":"","overlay-opacity":"","overlay-gradient":""},"tablet":{"background-color":"","background-image":"","background-repeat":"repeat","background-position":"center center","background-size":"auto","background-attachment":"scroll","background-type":"","background-media":"","overlay-type":"","overlay-color":"","overlay-opacity":"","overlay-gradient":""},"mobile":{"background-color":"","background-image":"","background-repeat":"repeat","background-position":"center center","background-size":"auto","background-attachment":"scroll","background-type":"","background-media":"","overlay-type":"","overlay-color":"","overlay-opacity":"","overlay-gradient":""}},"ast-content-background-meta":{"desktop":{"background-color":"var(--ast-global-color-5)","background-image":"","background-repeat":"repeat","background-position":"center center","background-size":"auto","background-attachment":"scroll","background-type":"","background-media":"","overlay-type":"","overlay-color":"","overlay-opacity":"","overlay-gradient":""},"tablet":{"background-color":"var(--ast-global-color-5)","background-image":"","background-repeat":"repeat","background-position":"center center","background-size":"auto","background-attachment":"scroll","background-type":"","background-media":"","overlay-type":"","overlay-color":"","overlay-opacity":"","overlay-gradient":""},"mobile":{"background-color":"var(--ast-global-color-5)","background-image":"","background-repeat":"repeat","background-position":"center center","background-size":"auto","background-attachment":"scroll","background-type":"","background-media":"","overlay-type":"","overlay-color":"","overlay-opacity":"","overlay-gradient":""}}},"product_brand":[],"product_cat":[216,50],"product_tag":[],"class_list":{"0":"post-9701","1":"product","2":"type-product","3":"status-publish","4":"has-post-thumbnail","6":"product_cat-double-bogey-klubas","7":"product_cat-kiti-produktai","8":"desktop-align-left","9":"tablet-align-left","10":"mobile-align-left","12":"first","13":"onbackorder","14":"taxable","15":"shipping-taxable","16":"purchasable","17":"product-type-variable"},"aioseo_notices":[],"_links":{"self":[{"href":"https:\/\/www.drykst.lt\/index.php\/wp-json\/wp\/v2\/product\/9701","targetHints":{"allow":["GET"]}}],"collection":[{"href":"https:\/\/www.drykst.lt\/index.php\/wp-json\/wp\/v2\/product"}],"about":[{"href":"https:\/\/www.drykst.lt\/index.php\/wp-json\/wp\/v2\/types\/product"}],"replies":[{"embeddable":true,"href":"https:\/\/www.drykst.lt\/index.php\/wp-json\/wp\/v2\/comments?post=9701"}],"wp:featuredmedia":[{"embeddable":true,"href":"https:\/\/www.drykst.lt\/index.php\/wp-json\/wp\/v2\/media\/9709"}],"wp:attachment":[{"href":"https:\/\/www.drykst.lt\/index.php\/wp-json\/wp\/v2\/media?parent=9701"}],"wp:term":[{"taxonomy":"product_brand","embeddable":true,"href":"https:\/\/www.drykst.lt\/index.php\/wp-json\/wp\/v2\/product_brand?post=9701"},{"taxonomy":"product_cat","embeddable":true,"href":"https:\/\/www.drykst.lt\/index.php\/wp-json\/wp\/v2\/product_cat?post=9701"},{"taxonomy":"product_tag","embeddable":true,"href":"https:\/\/www.drykst.lt\/index.php\/wp-json\/wp\/v2\/product_tag?post=9701"}],"curies":[{"name":"wp","href":"https:\/\/api.w.org\/{rel}","templated":true}]}}