{"id":9711,"date":"2025-04-07T19:26:01","date_gmt":"2025-04-07T19:26:01","guid":{"rendered":"https:\/\/www.drykst.lt\/?post_type=product&#038;p=9711"},"modified":"2025-04-07T19:46:06","modified_gmt":"2025-04-07T19:46:06","slug":"jonavos-diskgolfo-klubo-double-bogey-polo-striuke","status":"publish","type":"product","link":"https:\/\/www.drykst.lt\/index.php\/produktas\/jonavos-diskgolfo-klubo-double-bogey-polo-striuke\/","title":{"rendered":"Jonavos diskgolfo klubo &#8222;Double Bogey&#8221; striuk\u0117"},"content":{"rendered":"<h3 class=\"\" data-start=\"81\" data-end=\"112\">Vyri\u0161ka softshell striuk\u0117<\/h3>\n<p class=\"\" data-start=\"113\" data-end=\"131\"><strong data-start=\"113\" data-end=\"125\">Dyd\u017eiai:<\/strong> S\u20133XL<\/p>\n<ul data-start=\"133\" data-end=\"659\">\n<li class=\"\" data-start=\"133\" data-end=\"173\">\n<p class=\"\" data-start=\"135\" data-end=\"173\">Softshell audinys: 100 % poliesteris<\/p>\n<\/li>\n<li class=\"\" data-start=\"174\" data-end=\"190\">\n<p class=\"\" data-start=\"176\" data-end=\"190\">TPU membrana<\/p>\n<\/li>\n<li class=\"\" data-start=\"191\" data-end=\"248\">\n<p class=\"\" data-start=\"193\" data-end=\"248\">Neper\u0161lampama: 5 000 mm, kv\u0117puojanti: 2 000 g\/m\u00b2\/24 h<\/p>\n<\/li>\n<li class=\"\" data-start=\"250\" data-end=\"295\">\n<p class=\"\" data-start=\"252\" data-end=\"295\">3 sluoksni\u0173 softshell audinys su membrana<\/p>\n<\/li>\n<li class=\"\" data-start=\"296\" data-end=\"351\">\n<p class=\"\" data-start=\"298\" data-end=\"351\">Viso ilgio u\u017etrauktukas<\/p>\n<\/li>\n<li class=\"\" data-start=\"352\" data-end=\"405\">\n<p class=\"\" data-start=\"354\" data-end=\"405\">Gobtuvas ir apa\u010dia reguliuojami elastinga virvele<\/p>\n<\/li>\n<li class=\"\" data-start=\"406\" data-end=\"456\">\n<p class=\"\" data-start=\"408\" data-end=\"456\">Rankovi\u0173 galai reguliuojami \u201eVelcro\u201c lipdukais<\/p>\n<\/li>\n<li class=\"\" data-start=\"457\" data-end=\"504\">\n<p class=\"\" data-start=\"459\" data-end=\"504\">Ki\u0161en\u0117s \u0161onuose su pasl\u0117ptais u\u017etrauktukais<\/p>\n<\/li>\n<li class=\"\" data-start=\"505\" data-end=\"557\">\n<p class=\"\" data-start=\"507\" data-end=\"557\">Kr\u016btin\u0117s ki\u0161en\u0117 su u\u017etrauktuku, pasl\u0117ptu si\u016bl\u0117je<\/p>\n<\/li>\n<li class=\"\" data-start=\"558\" data-end=\"607\">\n<p class=\"\" data-start=\"560\" data-end=\"607\">I\u0161lenkta ir \u0161iek tiek pailginta nugaros dalis<\/p>\n<\/li>\n<li class=\"\" data-start=\"608\" data-end=\"659\">\n<p class=\"\" data-start=\"610\" data-end=\"659\">Kontrastiniai bei \u0161vies\u0105 atspindintys elementai<\/p>\n<\/li>\n<li data-start=\"608\" data-end=\"659\">Med\u017eiagos storis 210 g\/m\u00b2<\/li>\n<\/ul>\n<p class=\"\" data-start=\"661\" data-end=\"728\"><strong data-start=\"661\" data-end=\"675\">Prie\u017ei\u016bra:<\/strong> rekomenduojama speciali prie\u017ei\u016bra softshell audiniui<\/p>\n","protected":false},"excerpt":{"rendered":"<p>Vyri\u0161ka softshell striuk\u0117 Dyd\u017eiai: S\u20133XL Softshell audinys: 100 % poliesteris TPU membrana Neper\u0161lampama: 5 000 mm, kv\u0117puojanti: 2 000 g\/m\u00b2\/24 h 3 sluoksni\u0173 softshell audinys su membrana Viso ilgio u\u017etrauktukas Gobtuvas ir apa\u010dia reguliuojami elastinga virvele Rankovi\u0173 galai reguliuojami \u201eVelcro\u201c lipdukais Ki\u0161en\u0117s \u0161onuose su pasl\u0117ptais u\u017etrauktukais Kr\u016btin\u0117s ki\u0161en\u0117 su u\u017etrauktuku, pasl\u0117ptu si\u016bl\u0117je I\u0161lenkta ir \u0161iek [&hellip;]<\/p>\n","protected":false},"featured_media":9681,"comment_status":"open","ping_status":"closed","template":"","meta":{"site-sidebar-layout":"default","site-content-layout":"","ast-site-content-layout":"default","site-content-style":"default","site-sidebar-style":"default","ast-global-header-display":"","ast-banner-title-visibility":"","ast-main-header-display":"","ast-hfb-above-header-display":"","ast-hfb-below-header-display":"","ast-hfb-mobile-header-display":"","site-post-title":"","ast-breadcrumbs-content":"","ast-featured-img":"","footer-sml-layout":"","theme-transparent-header-meta":"default","adv-header-id-meta":"","stick-header-meta":"","header-above-stick-meta":"","header-main-stick-meta":"","header-below-stick-meta":"","astra-migrate-meta-layouts":"set","ast-page-background-enabled":"default","ast-page-background-meta":{"desktop":{"background-color":"","background-image":"","background-repeat":"repeat","background-position":"center center","background-size":"auto","background-attachment":"scroll","background-type":"","background-media":"","overlay-type":"","overlay-color":"","overlay-opacity":"","overlay-gradient":""},"tablet":{"background-color":"","background-image":"","background-repeat":"repeat","background-position":"center center","background-size":"auto","background-attachment":"scroll","background-type":"","background-media":"","overlay-type":"","overlay-color":"","overlay-opacity":"","overlay-gradient":""},"mobile":{"background-color":"","background-image":"","background-repeat":"repeat","background-position":"center center","background-size":"auto","background-attachment":"scroll","background-type":"","background-media":"","overlay-type":"","overlay-color":"","overlay-opacity":"","overlay-gradient":""}},"ast-content-background-meta":{"desktop":{"background-color":"var(--ast-global-color-5)","background-image":"","background-repeat":"repeat","background-position":"center center","background-size":"auto","background-attachment":"scroll","background-type":"","background-media":"","overlay-type":"","overlay-color":"","overlay-opacity":"","overlay-gradient":""},"tablet":{"background-color":"var(--ast-global-color-5)","background-image":"","background-repeat":"repeat","background-position":"center center","background-size":"auto","background-attachment":"scroll","background-type":"","background-media":"","overlay-type":"","overlay-color":"","overlay-opacity":"","overlay-gradient":""},"mobile":{"background-color":"var(--ast-global-color-5)","background-image":"","background-repeat":"repeat","background-position":"center center","background-size":"auto","background-attachment":"scroll","background-type":"","background-media":"","overlay-type":"","overlay-color":"","overlay-opacity":"","overlay-gradient":""}}},"product_brand":[],"product_cat":[216,50],"product_tag":[],"class_list":{"0":"post-9711","1":"product","2":"type-product","3":"status-publish","4":"has-post-thumbnail","6":"product_cat-double-bogey-klubas","7":"product_cat-kiti-produktai","8":"desktop-align-left","9":"tablet-align-left","10":"mobile-align-left","12":"first","13":"onbackorder","14":"taxable","15":"shipping-taxable","16":"purchasable","17":"product-type-variable"},"aioseo_notices":[],"_links":{"self":[{"href":"https:\/\/www.drykst.lt\/index.php\/wp-json\/wp\/v2\/product\/9711","targetHints":{"allow":["GET"]}}],"collection":[{"href":"https:\/\/www.drykst.lt\/index.php\/wp-json\/wp\/v2\/product"}],"about":[{"href":"https:\/\/www.drykst.lt\/index.php\/wp-json\/wp\/v2\/types\/product"}],"replies":[{"embeddable":true,"href":"https:\/\/www.drykst.lt\/index.php\/wp-json\/wp\/v2\/comments?post=9711"}],"wp:featuredmedia":[{"embeddable":true,"href":"https:\/\/www.drykst.lt\/index.php\/wp-json\/wp\/v2\/media\/9681"}],"wp:attachment":[{"href":"https:\/\/www.drykst.lt\/index.php\/wp-json\/wp\/v2\/media?parent=9711"}],"wp:term":[{"taxonomy":"product_brand","embeddable":true,"href":"https:\/\/www.drykst.lt\/index.php\/wp-json\/wp\/v2\/product_brand?post=9711"},{"taxonomy":"product_cat","embeddable":true,"href":"https:\/\/www.drykst.lt\/index.php\/wp-json\/wp\/v2\/product_cat?post=9711"},{"taxonomy":"product_tag","embeddable":true,"href":"https:\/\/www.drykst.lt\/index.php\/wp-json\/wp\/v2\/product_tag?post=9711"}],"curies":[{"name":"wp","href":"https:\/\/api.w.org\/{rel}","templated":true}]}}