{"id":9719,"date":"2025-04-07T19:36:56","date_gmt":"2025-04-07T19:36:56","guid":{"rendered":"https:\/\/www.drykst.lt\/?post_type=product&#038;p=9719"},"modified":"2025-04-07T19:45:18","modified_gmt":"2025-04-07T19:45:18","slug":"jonavos-diskgolfo-klubo-double-bogey-liemene","status":"publish","type":"product","link":"https:\/\/www.drykst.lt\/index.php\/produktas\/jonavos-diskgolfo-klubo-double-bogey-liemene\/","title":{"rendered":"Jonavos diskgolfo klubo &#8222;Double Bogey&#8221; liemen\u0117"},"content":{"rendered":"<h3 data-start=\"610\" data-end=\"659\"><strong>Pamink\u0161tinta liemen\u0117<\/strong><\/h3>\n<h3 class=\"\" data-start=\"352\" data-end=\"365\">Sud\u0117tis<\/h3>\n<ul data-start=\"366\" data-end=\"486\">\n<li class=\"\" data-start=\"366\" data-end=\"405\">\n<p class=\"\" data-start=\"368\" data-end=\"405\">100 % poliamidas (i\u0161orinis audinys)<\/p>\n<\/li>\n<li class=\"\" data-start=\"406\" data-end=\"451\">\n<p class=\"\" data-start=\"408\" data-end=\"451\">100 % poliesteris (pamu\u0161alas ir u\u017epildas)<\/p>\n<\/li>\n<li class=\"\" data-start=\"452\" data-end=\"486\">\n<p class=\"\" data-start=\"454\" data-end=\"486\">AC danga (apsauginis padengimas)<\/p>\n<\/li>\n<\/ul>\n<h3 class=\"\" data-start=\"493\" data-end=\"506\">Stilius<\/h3>\n<ul data-start=\"507\" data-end=\"568\">\n<li class=\"\" data-start=\"507\" data-end=\"531\">\n<p class=\"\" data-start=\"509\" data-end=\"531\">U\u017esegama u\u017etrauktuku<\/p>\n<\/li>\n<li class=\"\" data-start=\"532\" data-end=\"568\">\n<p class=\"\" data-start=\"534\" data-end=\"568\">2 \u0161onin\u0117s ki\u0161en\u0117s su u\u017etrauktukais<\/p>\n<\/li>\n<\/ul>\n","protected":false},"excerpt":{"rendered":"<p>Pamink\u0161tinta liemen\u0117 Sud\u0117tis 100 % poliamidas (i\u0161orinis audinys) 100 % poliesteris (pamu\u0161alas ir u\u017epildas) AC danga (apsauginis padengimas) Stilius U\u017esegama u\u017etrauktuku 2 \u0161onin\u0117s ki\u0161en\u0117s su u\u017etrauktukais<\/p>\n","protected":false},"featured_media":9678,"comment_status":"open","ping_status":"closed","template":"","meta":{"site-sidebar-layout":"default","site-content-layout":"","ast-site-content-layout":"default","site-content-style":"default","site-sidebar-style":"default","ast-global-header-display":"","ast-banner-title-visibility":"","ast-main-header-display":"","ast-hfb-above-header-display":"","ast-hfb-below-header-display":"","ast-hfb-mobile-header-display":"","site-post-title":"","ast-breadcrumbs-content":"","ast-featured-img":"","footer-sml-layout":"","theme-transparent-header-meta":"default","adv-header-id-meta":"","stick-header-meta":"","header-above-stick-meta":"","header-main-stick-meta":"","header-below-stick-meta":"","astra-migrate-meta-layouts":"set","ast-page-background-enabled":"default","ast-page-background-meta":{"desktop":{"background-color":"","background-image":"","background-repeat":"repeat","background-position":"center center","background-size":"auto","background-attachment":"scroll","background-type":"","background-media":"","overlay-type":"","overlay-color":"","overlay-opacity":"","overlay-gradient":""},"tablet":{"background-color":"","background-image":"","background-repeat":"repeat","background-position":"center center","background-size":"auto","background-attachment":"scroll","background-type":"","background-media":"","overlay-type":"","overlay-color":"","overlay-opacity":"","overlay-gradient":""},"mobile":{"background-color":"","background-image":"","background-repeat":"repeat","background-position":"center center","background-size":"auto","background-attachment":"scroll","background-type":"","background-media":"","overlay-type":"","overlay-color":"","overlay-opacity":"","overlay-gradient":""}},"ast-content-background-meta":{"desktop":{"background-color":"var(--ast-global-color-5)","background-image":"","background-repeat":"repeat","background-position":"center center","background-size":"auto","background-attachment":"scroll","background-type":"","background-media":"","overlay-type":"","overlay-color":"","overlay-opacity":"","overlay-gradient":""},"tablet":{"background-color":"var(--ast-global-color-5)","background-image":"","background-repeat":"repeat","background-position":"center center","background-size":"auto","background-attachment":"scroll","background-type":"","background-media":"","overlay-type":"","overlay-color":"","overlay-opacity":"","overlay-gradient":""},"mobile":{"background-color":"var(--ast-global-color-5)","background-image":"","background-repeat":"repeat","background-position":"center center","background-size":"auto","background-attachment":"scroll","background-type":"","background-media":"","overlay-type":"","overlay-color":"","overlay-opacity":"","overlay-gradient":""}}},"product_brand":[],"product_cat":[216,50],"product_tag":[],"class_list":{"0":"post-9719","1":"product","2":"type-product","3":"status-publish","4":"has-post-thumbnail","6":"product_cat-double-bogey-klubas","7":"product_cat-kiti-produktai","8":"desktop-align-left","9":"tablet-align-left","10":"mobile-align-left","12":"first","13":"onbackorder","14":"taxable","15":"shipping-taxable","16":"purchasable","17":"product-type-variable"},"aioseo_notices":[],"_links":{"self":[{"href":"https:\/\/www.drykst.lt\/index.php\/wp-json\/wp\/v2\/product\/9719","targetHints":{"allow":["GET"]}}],"collection":[{"href":"https:\/\/www.drykst.lt\/index.php\/wp-json\/wp\/v2\/product"}],"about":[{"href":"https:\/\/www.drykst.lt\/index.php\/wp-json\/wp\/v2\/types\/product"}],"replies":[{"embeddable":true,"href":"https:\/\/www.drykst.lt\/index.php\/wp-json\/wp\/v2\/comments?post=9719"}],"wp:featuredmedia":[{"embeddable":true,"href":"https:\/\/www.drykst.lt\/index.php\/wp-json\/wp\/v2\/media\/9678"}],"wp:attachment":[{"href":"https:\/\/www.drykst.lt\/index.php\/wp-json\/wp\/v2\/media?parent=9719"}],"wp:term":[{"taxonomy":"product_brand","embeddable":true,"href":"https:\/\/www.drykst.lt\/index.php\/wp-json\/wp\/v2\/product_brand?post=9719"},{"taxonomy":"product_cat","embeddable":true,"href":"https:\/\/www.drykst.lt\/index.php\/wp-json\/wp\/v2\/product_cat?post=9719"},{"taxonomy":"product_tag","embeddable":true,"href":"https:\/\/www.drykst.lt\/index.php\/wp-json\/wp\/v2\/product_tag?post=9719"}],"curies":[{"name":"wp","href":"https:\/\/api.w.org\/{rel}","templated":true}]}}